{"id":3711,"date":"2025-03-28T15:42:25","date_gmt":"2025-03-28T14:42:25","guid":{"rendered":"https:\/\/furado.ch\/?page_id=3711"},"modified":"2025-05-22T10:16:37","modified_gmt":"2025-05-22T08:16:37","slug":"home","status":"publish","type":"page","link":"https:\/\/furado.ch\/de\/","title":{"rendered":"Home"},"content":{"rendered":"<section class=\"wp-block-group homehero is-layout-flow wp-block-group-is-layout-flow\">\n<div class=\"wp-block-uagb-slider hero-home uagb-block-8f32fb38 uagb-slider-container\"><div class=\"uagb-slides uagb-swiper\"><div class=\"swiper-wrapper\">\n<div class=\"wp-block-uagb-slider-child uagb-slider-child-wrap swiper-slide uagb-block-5ed6f634\"><div class=\"swiper-content\">\n<div class=\"wp-block-group is-layout-flex wp-block-group-is-layout-flex\">\n<figure class=\"wp-block-image size-full is-resized wp-container-content-958eb9dc\"><img loading=\"lazy\" decoding=\"async\" width=\"1600\" height=\"1225\" src=\"https:\/\/furado.ch\/site\/wp-content\/uploads\/sloth.webp\" alt=\"\" class=\"wp-image-1517\" style=\"width:auto;height:800px\" srcset=\"https:\/\/furado.ch\/site\/wp-content\/uploads\/sloth.webp 1600w, https:\/\/furado.ch\/site\/wp-content\/uploads\/sloth-300x230.webp 300w, https:\/\/furado.ch\/site\/wp-content\/uploads\/sloth-1024x784.webp 1024w, https:\/\/furado.ch\/site\/wp-content\/uploads\/sloth-768x588.webp 768w, https:\/\/furado.ch\/site\/wp-content\/uploads\/sloth-1536x1176.webp 1536w\" sizes=\"auto, (max-width: 1600px) 100vw, 1600px\" \/><\/figure>\n\n\n\n<div class=\"wp-block-group bbox has-base-color has-primary-background-color has-text-color has-background has-link-color wp-elements-9198a3ead036a0b38f52403d8e12da3a wp-container-content-90d19858 is-vertical is-layout-flex wp-container-core-group-is-layout-4a189669 wp-block-group-is-layout-flex\" style=\"padding-top:var(--wp--preset--spacing--large);padding-right:var(--wp--preset--spacing--large);padding-bottom:var(--wp--preset--spacing--large);padding-left:var(--wp--preset--spacing--large)\">\n<h2 class=\"wp-block-heading has-base-color has-text-color has-link-color has-large-font-size wp-elements-8c7d127b966d26377c21738a7697bce5\" style=\"margin-top:0px;margin-bottom:0px;padding-top:0px;padding-bottom:0px;line-height:1.1\">Wenn es um die R\u00fcckforderung von Quellensteuern geht\u2026<\/h2>\n\n\n\n<p class=\"has-base-color has-text-color has-link-color wp-elements-a9571e83e95986a6a9e2d9f93d4e08cf\" style=\"font-size:clamp(0.929rem, 0.929rem + ((1vw - 0.2rem) * 0.571), 1.4rem);line-height:1.2\">gestalten wir den Prozess einfach und stressfrei f\u00fcr Sie und Ihre Kunden.<\/p>\n<\/div>\n<\/div>\n<\/div><\/div>\n\n\n\n<div class=\"wp-block-uagb-slider-child uagb-slider-child-wrap swiper-slide uagb-block-072cac9d\"><div class=\"swiper-content\">\n<div class=\"wp-block-group is-layout-flex wp-block-group-is-layout-flex\">\n<figure class=\"wp-block-image size-full is-resized wp-container-content-958eb9dc\"><img loading=\"lazy\" decoding=\"async\" width=\"1605\" height=\"1229\" src=\"https:\/\/furado.ch\/site\/wp-content\/uploads\/robohand.webp\" alt=\"vollst\u00e4ndig automatisierter End-to-End-Service\" class=\"wp-image-1512\" style=\"width:auto;height:800px\" srcset=\"https:\/\/furado.ch\/site\/wp-content\/uploads\/robohand.webp 1605w, https:\/\/furado.ch\/site\/wp-content\/uploads\/robohand-300x230.webp 300w, https:\/\/furado.ch\/site\/wp-content\/uploads\/robohand-1024x784.webp 1024w, https:\/\/furado.ch\/site\/wp-content\/uploads\/robohand-768x588.webp 768w, https:\/\/furado.ch\/site\/wp-content\/uploads\/robohand-1536x1176.webp 1536w\" sizes=\"auto, (max-width: 1605px) 100vw, 1605px\" \/><\/figure>\n\n\n\n<div class=\"wp-block-group bbox has-base-color has-primary-background-color has-text-color has-background has-link-color wp-elements-a0b7bd677b90ab1d284a1909c420bea1 wp-container-content-90d19858 is-vertical is-layout-flex wp-container-core-group-is-layout-4a189669 wp-block-group-is-layout-flex\" style=\"padding-top:var(--wp--preset--spacing--large);padding-right:var(--wp--preset--spacing--large);padding-bottom:var(--wp--preset--spacing--large);padding-left:var(--wp--preset--spacing--large)\">\n<h2 class=\"wp-block-heading has-base-color has-text-color has-link-color has-large-font-size wp-elements-8c7d127b966d26377c21738a7697bce5\" style=\"margin-top:0px;margin-bottom:0px;padding-top:0px;padding-bottom:0px;line-height:1.1\">Wenn es um die R\u00fcckforderung von Quellensteuern geht\u2026<\/h2>\n\n\n\n<p class=\"has-base-color has-text-color has-link-color wp-elements-96ebe7c6bda6b3f445158ff67eeeb240\" style=\"font-size:clamp(0.929rem, 0.929rem + ((1vw - 0.2rem) * 0.571), 1.4rem);line-height:1.2\">profitieren Ihre Kunden von unserem vollst\u00e4ndig automatisierten End-to-End-Service.<\/p>\n<\/div>\n<\/div>\n<\/div><\/div>\n\n\n\n<div class=\"wp-block-uagb-slider-child uagb-slider-child-wrap swiper-slide uagb-block-4139ab0a\"><div class=\"swiper-content\">\n<div class=\"wp-block-group is-layout-flex wp-block-group-is-layout-flex\">\n<figure class=\"wp-block-image size-large is-resized wp-container-content-958eb9dc\"><img loading=\"lazy\" decoding=\"async\" width=\"1024\" height=\"784\" src=\"https:\/\/furado.ch\/site\/wp-content\/uploads\/astronaut-1024x784.webp\" alt=\"\" class=\"wp-image-1521\" style=\"width:auto;height:800px\" srcset=\"https:\/\/furado.ch\/site\/wp-content\/uploads\/astronaut-1024x784.webp 1024w, https:\/\/furado.ch\/site\/wp-content\/uploads\/astronaut-300x230.webp 300w, https:\/\/furado.ch\/site\/wp-content\/uploads\/astronaut-768x588.webp 768w, https:\/\/furado.ch\/site\/wp-content\/uploads\/astronaut-1536x1176.webp 1536w, https:\/\/furado.ch\/site\/wp-content\/uploads\/astronaut.webp 1600w\" sizes=\"auto, (max-width: 1024px) 100vw, 1024px\" \/><\/figure>\n\n\n\n<div class=\"wp-block-group bbox has-base-color has-primary-background-color has-text-color has-background has-link-color wp-elements-bcf2f94a09f8f0a47eb3ed1c96a47b20 wp-container-content-90d19858 is-vertical is-layout-flex wp-container-core-group-is-layout-4a189669 wp-block-group-is-layout-flex\" style=\"padding-top:var(--wp--preset--spacing--large);padding-right:var(--wp--preset--spacing--large);padding-bottom:var(--wp--preset--spacing--large);padding-left:var(--wp--preset--spacing--large)\">\n<h2 class=\"wp-block-heading has-base-color has-text-color has-link-color has-large-font-size wp-elements-8c7d127b966d26377c21738a7697bce5\" style=\"margin-top:0px;margin-bottom:0px;padding-top:0px;padding-bottom:0px;line-height:1.1\">Wenn es um die R\u00fcckforderung von Quellensteuern geht\u2026<\/h2>\n\n\n\n<p class=\"has-base-color has-text-color has-link-color wp-elements-3349238e9d6eaeee2bea9c1683a02d20\" style=\"font-size:clamp(0.929rem, 0.929rem + ((1vw - 0.2rem) * 0.571), 1.4rem);line-height:1.2\">betreuen wir Ihre Kunden, unabh\u00e4ngig davon, wo sie sich befinden.<\/p>\n<\/div>\n<\/div>\n<\/div><\/div>\n<\/div><\/div><div class=\"swiper-pagination\"><\/div><\/div>\n<\/section>\n\n\n\n<section class=\"wp-block-group sixty has-global-padding is-content-justification-left is-layout-constrained wp-container-core-group-is-layout-076a8e28 wp-block-group-is-layout-constrained\" style=\"padding-top:var(--wp--preset--spacing--xx-large);padding-right:0;padding-bottom:var(--wp--preset--spacing--xx-large);padding-left:0\">\n<h2 class=\"wp-block-heading animated fadeInUp\" style=\"font-size:clamp(1.976rem, 1.976rem + ((1vw - 0.2rem) * 1.847), 3.5rem);line-height:1.1\">Marktf\u00fchrende Technologie, die Ihr Kundenerlebnis neu definiert<\/h2>\n\n\n\n<p style=\"font-size:clamp(0.929rem, 0.929rem + ((1vw - 0.2rem) * 0.571), 1.4rem);\">Die R\u00fcckforderung von Quellensteuern kann aufgrund komplexer Vorschriften und fehlender Standardisierung schnell zur Herausforderung werden: R\u00fcckerstattungen bleiben dadurch oft unbeansprucht. Bei Furado setzen wir neue Standards: Unsere marktf\u00fchrende End-to-End-Technologie steuert den gesamten Prozess automatisch und reduziert so den manuellen Aufwand und damit Fehler. Kontaktieren Sie uns noch heute und beginnen Sie mit der einfachen und pr\u00e4zisen Steuerr\u00fcckforderung Ihrer Kunden.<\/p>\n\n\n\n<div class=\"wp-block-buttons is-layout-flex wp-block-buttons-is-layout-flex\">\n<div class=\"wp-block-button is-style-outline bwhite spectra-popup-trigger-1832 is-style-outline--1\"><a class=\"wp-block-button__link has-custom-font-size wp-element-button\" style=\"border-radius:25px;font-size:clamp(0.929rem, 0.929rem + ((1vw - 0.2rem) * 0.571), 1.4rem);\">Jetzt loslegen<\/a><\/div>\n<\/div>\n<\/section>\n\n\n\n<section class=\"wp-block-group alignfull homeslider blackwide has-base-color has-base-background-color has-text-color has-background has-link-color wp-elements-1b082f887a7ed57bea31663376d11733 is-layout-flow wp-block-group-is-layout-flow\" style=\"padding-top:0;padding-right:0px;padding-bottom:0;padding-left:0px\">\n<div class=\"wp-block-uagb-slider home-black uagb-block-28e8c19b uagb-slider-container\"><div class=\"uagb-slides uagb-swiper\"><div class=\"swiper-wrapper\">\n<div class=\"wp-block-uagb-slider-child uagb-slider-child-wrap swiper-slide uagb-block-bfa3c3af\"><div class=\"swiper-content\">\n<div class=\"wp-block-group is-vertical is-layout-flex wp-container-core-group-is-layout-326640d6 wp-block-group-is-layout-flex\" style=\"padding-bottom:var(--wp--preset--spacing--medium)\">\n<p class=\"has-base-color has-text-color has-link-color wp-elements-c27c7e811ba0b0ee6cac8925fe6999f6\" style=\"font-size:clamp(0.929rem, 0.929rem + ((1vw - 0.2rem) * 0.571), 1.4rem);\">\u2013 Was uns auszeichnet<\/p>\n\n\n\n<h3 class=\"wp-block-heading has-base-color has-text-color has-link-color wp-elements-64246dc0979bba288127aa4c6e9154de\" style=\"margin-top:0px;margin-bottom:0px;padding-top:0px;padding-bottom:0px;font-size:clamp(2.503rem, 2.503rem + ((1vw - 0.2rem) * 2.663), 4.7rem);line-height:1.1\">Adieu Komplexit\u00e4t. Wir vereinfachen den R\u00fcckforderungsprozess von Quellensteuern durch End-to-End-Automatisierung.<\/h3>\n\n\n\n<p class=\"whitelink has-base-color has-text-color has-link-color wp-elements-16348694f79c8aa9c508f801745777e4\" style=\"font-size:clamp(0.929rem, 0.929rem + ((1vw - 0.2rem) * 0.571), 1.4rem);\"><a href=\"\/de\/uber-uns\/\" data-type=\"page\" data-id=\"80\">Erfahren Sie mehr \u00fcber uns<\/a><\/p>\n<\/div>\n<\/div><\/div>\n\n\n\n<div class=\"wp-block-uagb-slider-child uagb-slider-child-wrap swiper-slide uagb-block-ce3b8695\"><div class=\"swiper-content\">\n<div class=\"wp-block-group is-vertical is-layout-flex wp-container-core-group-is-layout-326640d6 wp-block-group-is-layout-flex\" style=\"padding-bottom:var(--wp--preset--spacing--medium)\">\n<p class=\"has-base-color has-text-color has-link-color wp-elements-10b24e43e59f01e35c914da3070bb482\" style=\"font-size:clamp(0.929rem, 0.929rem + ((1vw - 0.2rem) * 0.571), 1.4rem);line-height:1.2\">\u2013 Was uns auszeichnet<\/p>\n\n\n\n<h3 class=\"wp-block-heading has-base-color has-text-color has-link-color wp-elements-b8f203e596534386a545f1b318acfdbc\" style=\"margin-top:0px;margin-bottom:0px;padding-top:0px;padding-bottom:0px;font-size:clamp(2.503rem, 2.503rem + ((1vw - 0.2rem) * 2.663), 4.7rem);line-height:1.1\">Dank unserer \u00fcberlegenen Prozesse stellen wir einen reibungslosen R\u00fcckforderungsprozess f\u00fcr Ihre Kunden sicher.<\/h3>\n\n\n\n<p class=\"whitelink has-base-color has-text-color has-link-color wp-elements-16348694f79c8aa9c508f801745777e4\" style=\"font-size:clamp(0.929rem, 0.929rem + ((1vw - 0.2rem) * 0.571), 1.4rem);\"><a href=\"\/de\/uber-uns\/\" data-type=\"page\" data-id=\"80\">Erfahren Sie mehr \u00fcber uns<\/a><\/p>\n<\/div>\n<\/div><\/div>\n\n\n\n<div class=\"wp-block-uagb-slider-child uagb-slider-child-wrap swiper-slide uagb-block-5c33ab2a\"><div class=\"swiper-content\">\n<div class=\"wp-block-group is-vertical is-layout-flex wp-container-core-group-is-layout-326640d6 wp-block-group-is-layout-flex\" style=\"padding-bottom:var(--wp--preset--spacing--medium)\">\n<p class=\"has-base-color has-text-color has-link-color wp-elements-10b24e43e59f01e35c914da3070bb482\" style=\"font-size:clamp(0.929rem, 0.929rem + ((1vw - 0.2rem) * 0.571), 1.4rem);line-height:1.2\">\u2013 Was uns auszeichnet<\/p>\n\n\n\n<h3 class=\"wp-block-heading has-base-color has-text-color has-link-color wp-elements-bbab2002e9c737d8521e2fab32b6bcfb\" style=\"margin-top:0px;margin-bottom:0px;padding-top:0px;padding-bottom:0px;font-size:clamp(2.503rem, 2.503rem + ((1vw - 0.2rem) * 2.663), 4.7rem);line-height:1.1\">Unsere herausragende L\u00f6sung garantiert eine fehlerfreie Ausf\u00fchrung mit optimalen Ergebnissen. Und das jederzeit.<\/h3>\n\n\n\n<p class=\"whitelink has-base-color has-text-color has-link-color wp-elements-16348694f79c8aa9c508f801745777e4\" style=\"font-size:clamp(0.929rem, 0.929rem + ((1vw - 0.2rem) * 0.571), 1.4rem);\"><a href=\"\/de\/uber-uns\/\" data-type=\"page\" data-id=\"80\">Erfahren Sie mehr \u00fcber uns<\/a><\/p>\n<\/div>\n<\/div><\/div>\n\n\n\n<div class=\"wp-block-uagb-slider-child uagb-slider-child-wrap swiper-slide uagb-block-817591d4\"><div class=\"swiper-content\">\n<div class=\"wp-block-group is-vertical is-layout-flex wp-container-core-group-is-layout-326640d6 wp-block-group-is-layout-flex\" style=\"padding-bottom:var(--wp--preset--spacing--medium)\">\n<p class=\"has-base-color has-text-color has-link-color wp-elements-10b24e43e59f01e35c914da3070bb482\" style=\"font-size:clamp(0.929rem, 0.929rem + ((1vw - 0.2rem) * 0.571), 1.4rem);line-height:1.2\">\u2013 Was uns auszeichnet<\/p>\n\n\n\n<h3 class=\"wp-block-heading has-base-color has-text-color has-link-color wp-elements-ad647ceb0554ba01060e6af9b55440bc\" style=\"margin-top:0px;margin-bottom:0px;padding-top:0px;padding-bottom:0px;font-size:clamp(2.503rem, 2.503rem + ((1vw - 0.2rem) * 2.663), 4.7rem);line-height:1.1\">Unseren Service bieten wir zu einem unvergleichlichen Preis-\/Leistungsverh\u00e4ltnis an.<\/h3>\n\n\n\n<p class=\"whitelink has-base-color has-text-color has-link-color wp-elements-16348694f79c8aa9c508f801745777e4\" style=\"font-size:clamp(0.929rem, 0.929rem + ((1vw - 0.2rem) * 0.571), 1.4rem);\"><a href=\"\/de\/uber-uns\/\" data-type=\"page\" data-id=\"80\">Erfahren Sie mehr \u00fcber uns<\/a><\/p>\n<\/div>\n<\/div><\/div>\n<\/div><\/div><div class=\"swiper-pagination\"><\/div><\/div>\n<\/section>\n\n\n\n<section class=\"wp-block-group alignfull whitewide has-global-padding is-layout-constrained wp-container-core-group-is-layout-fa8c0dd9 wp-block-group-is-layout-constrained\" style=\"margin-top:0px;margin-bottom:0px;padding-top:0;padding-right:0px;padding-bottom:var(--wp--preset--spacing--small);padding-left:24px\">\n<div class=\"wp-block-columns alignfull is-layout-flex wp-container-core-columns-is-layout-d953b63b wp-block-columns-is-layout-flex\" style=\"margin-top:0px;margin-bottom:0px;padding-top:0px;padding-right:0px;padding-bottom:0px;padding-left:0px\">\n<div class=\"wp-block-column is-vertically-aligned-center is-layout-flow wp-block-column-is-layout-flow\" style=\"flex-basis:30%\">\n<div class=\"wp-block-group globalintro is-layout-flow wp-block-group-is-layout-flow\">\n<h3 class=\"wp-block-heading alignwide animated fadeInUp\" style=\"font-size:clamp(1.976rem, 1.976rem + ((1vw - 0.2rem) * 1.847), 3.5rem);line-height:1.1\">Wir sind \u00fcberall, wo auch Ihre Kunden sind<\/h3>\n\n\n\n<p style=\"font-size:clamp(0.929rem, 0.929rem + ((1vw - 0.2rem) * 0.571), 1.4rem);line-height:1.2\">Furado zeichnet sich bei der globalen Betreuung von Endkunden durch eine  umfassende Marktabdeckung f\u00fcr alle denkbaren Kundentypen aus.<\/p>\n<\/div>\n<\/div>\n\n\n\n<div class=\"wp-block-column is-vertically-aligned-center globecontainer is-layout-flow wp-container-core-column-is-layout-96dfdac3 wp-block-column-is-layout-flow\" style=\"padding-top:0px;padding-bottom:0px;flex-basis:70%\">\n<div class=\"wp-block-group globanim is-layout-flow wp-block-group-is-layout-flow\">\n<script async src=\"https:\/\/furado.ch\/site\/wp-content\/plugins\/furado-globe\/furado-globe.loader.js?v16\"><\/script>\n<\/div>\n<\/div>\n<\/div>\n<\/section>\n\n\n\n<section class=\"wp-block-group sixty has-global-padding is-content-justification-left is-layout-constrained wp-container-core-group-is-layout-d34c7f11 wp-block-group-is-layout-constrained\" style=\"padding-top:0;padding-right:0;padding-bottom:var(--wp--preset--spacing--xx-large);padding-left:0\">\n<div class=\"wp-block-group has-global-padding is-content-justification-left is-layout-constrained wp-container-core-group-is-layout-9fd09aa3 wp-block-group-is-layout-constrained\" style=\"padding-top:0px;padding-right:0px;padding-bottom:0px;padding-left:0px\">\n<p>\u2013 Unsere L\u00f6sungen<\/p>\n\n\n\n<h3 class=\"wp-block-heading animated fadeInUp\" style=\"font-size:clamp(1.976rem, 1.976rem + ((1vw - 0.2rem) * 1.847), 3.5rem);line-height:1.1\">Massgeschneiderte L\u00f6sungen f\u00fcr die Bed\u00fcrfnisse Ihrer Kunden<\/h3>\n\n\n\n<p style=\"font-size:clamp(0.929rem, 0.929rem + ((1vw - 0.2rem) * 0.571), 1.4rem);\">Unser umfassender Service steigert Effizienz und Genauigkeit und optimiert den R\u00fcckforderungsprozess f\u00fcr Finanzinstitute. Entdecken Sie unsere branchenspezifischen Quellensteuerr\u00fcckforderungsl\u00f6sungen und erfahren Sie, wie wir Ihnen helfen, die Kundenzufriedenheit zu steigern:<\/p>\n<\/div>\n\n\n\n<div class=\"wp-block-group serviceslist has-global-padding is-layout-constrained wp-container-core-group-is-layout-e555385e wp-block-group-is-layout-constrained\">\n<div class=\"wp-block-group is-content-justification-space-between is-nowrap is-layout-flex wp-container-core-group-is-layout-cd88e80c wp-block-group-is-layout-flex\" style=\"border-top-color:var(--wp--preset--color--primary);border-top-width:1px;border-right-style:none;border-right-width:0px;border-bottom-style:none;border-bottom-width:0px;border-left-style:none;border-left-width:0px;padding-top:var(--wp--preset--spacing--medium);padding-bottom:var(--wp--preset--spacing--medium)\">\n<div class=\"wp-block-group is-nowrap is-layout-flex wp-container-core-group-is-layout-1b11d160 wp-block-group-is-layout-flex\" style=\"min-height:1.5rem\">\n<figure class=\"wp-block-image size-full visualicon\"><img decoding=\"async\" src=\"https:\/\/furado.ch\/site\/wp-content\/uploads\/landmark.svg\" alt=\"Banken\" class=\"wp-image-957\"\/><\/figure>\n\n\n\n<p style=\"font-size:clamp(1.146rem, 1.146rem + ((1vw - 0.2rem) * 0.793), 1.8rem);font-style:normal;font-weight:800;line-height:1.5\"><a href=\"\/de\/banken\/\">Unsere Leistungen f\u00fcr Banken<\/a><\/p>\n<\/div>\n\n\n\n<figure class=\"wp-block-image size-full has-custom-border is-style-default arrow\"><a href=\"\/de\/banken\/\"><img decoding=\"async\" src=\"https:\/\/furado.ch\/site\/wp-content\/uploads\/arrow-right.svg\" alt=\"pfeil rechts\" class=\"has-border-color has-primary-border-color wp-image-975\" style=\"border-width:2px;border-radius:50%;object-fit:contain\"\/><\/a><\/figure>\n<\/div>\n\n\n\n<div class=\"wp-block-group is-content-justification-space-between is-nowrap is-layout-flex wp-container-core-group-is-layout-cd88e80c wp-block-group-is-layout-flex\" style=\"border-top-color:var(--wp--preset--color--primary);border-top-width:1px;border-right-style:none;border-right-width:0px;border-bottom-style:none;border-bottom-width:0px;border-left-style:none;border-left-width:0px;padding-top:var(--wp--preset--spacing--medium);padding-bottom:var(--wp--preset--spacing--medium)\">\n<div class=\"wp-block-group is-nowrap is-layout-flex wp-container-core-group-is-layout-1b11d160 wp-block-group-is-layout-flex\">\n<figure class=\"wp-block-image size-full visualicon\"><img decoding=\"async\" src=\"https:\/\/furado.ch\/site\/wp-content\/uploads\/shield-half.svg\" alt=\"\" class=\"wp-image-958\"\/><\/figure>\n\n\n\n<p style=\"font-size:clamp(1.146rem, 1.146rem + ((1vw - 0.2rem) * 0.793), 1.8rem);font-style:normal;font-weight:800;line-height:1.5\"><a href=\"\/de\/versicherungsgesellschaften\/\">Unsere Leistungen f\u00fcr Versicherungen<\/a><\/p>\n<\/div>\n\n\n\n<figure class=\"wp-block-image size-full has-custom-border is-style-default arrow\"><a href=\"\/de\/versicherungsgesellschaften\/\"><img decoding=\"async\" src=\"https:\/\/furado.ch\/site\/wp-content\/uploads\/arrow-right.svg\" alt=\"pfeil rechts\" class=\"has-border-color has-primary-border-color wp-image-975\" style=\"border-width:2px;border-radius:50%;aspect-ratio:1;object-fit:contain\"\/><\/a><\/figure>\n<\/div>\n\n\n\n<div class=\"wp-block-group is-content-justification-space-between is-nowrap is-layout-flex wp-container-core-group-is-layout-cd88e80c wp-block-group-is-layout-flex\" style=\"border-top-color:var(--wp--preset--color--primary);border-top-width:1px;border-right-style:none;border-right-width:0px;border-bottom-color:var(--wp--preset--color--primary);border-bottom-width:1px;border-left-style:none;border-left-width:0px;padding-top:var(--wp--preset--spacing--medium);padding-bottom:var(--wp--preset--spacing--medium)\">\n<div class=\"wp-block-group is-content-justification-left is-nowrap is-layout-flex wp-container-core-group-is-layout-bc3b1c19 wp-block-group-is-layout-flex\">\n<figure class=\"wp-block-image size-full visualicon\"><img decoding=\"async\" src=\"https:\/\/furado.ch\/site\/wp-content\/uploads\/chart-no-axes-combined.svg\" alt=\"Verm\u00f6gensverwalter\" class=\"wp-image-959\"\/><\/figure>\n\n\n\n<p style=\"font-size:clamp(1.146rem, 1.146rem + ((1vw - 0.2rem) * 0.793), 1.8rem);font-style:normal;font-weight:800;line-height:1.5\"><a href=\"\/de\/vermogensverwalter\/\">Unsere Leistungen f\u00fcr Verm\u00f6gensverwalter<\/a><\/p>\n<\/div>\n\n\n\n<figure class=\"wp-block-image size-full has-custom-border is-style-default arrow\"><a href=\"\/de\/vermogensverwalter\/\"><img decoding=\"async\" src=\"https:\/\/furado.ch\/site\/wp-content\/uploads\/arrow-right.svg\" alt=\"pfeil rechts\" class=\"has-border-color has-primary-border-color wp-image-975\" style=\"border-width:2px;border-radius:50%;aspect-ratio:1;object-fit:contain\"\/><\/a><\/figure>\n<\/div>\n<\/div>\n\n\n\n<div class=\"wp-block-group has-global-padding is-content-justification-left is-layout-constrained wp-container-core-group-is-layout-9fd09aa3 wp-block-group-is-layout-constrained\" style=\"padding-top:0px;padding-right:0px;padding-bottom:0px;padding-left:0px\">\n<p class=\"spectra-popup-trigger-1832 translation-block\" style=\"font-size:clamp(0.929rem, 0.929rem + ((1vw - 0.2rem) * 0.571), 1.4rem);\">Aus einer anderen Branche?<br><strong><a href=\"#contactus\" target=\"_self\" class=\"__mPS2id\">Kontaktieren Sie uns<\/a><\/strong>, um L\u00f6sungen f\u00fcr Ihre spezifischen Bed\u00fcrfnisse zu besprechen.<\/p>\n<\/div>\n<\/section>","protected":false},"excerpt":{"rendered":"<p>Explore the Market-Leading Technology of Furado and Set New Standards Navigating withholding tax reclaiming can be daunting due to complex regulations and lack of standardisation, often leaving refunds unclaimed. At Furado, we are setting new standards. Our market-leading technology automatically manages the entire process end-to-end, reducing manual effort and errors. Contact us today and start [&hellip;]<\/p>\n","protected":false},"author":1,"featured_media":0,"parent":0,"menu_order":0,"comment_status":"closed","ping_status":"closed","template":"wp-custom-template-furado-home","meta":{"_seopress_robots_primary_cat":"","_seopress_titles_title":"Furado | Revolutionising Withholding Tax Reclaiming","_seopress_titles_desc":"Furado provides market-leading, fully automated withholding tax reclaim solutions. Simplifying complex processes for banks, life insurances and asset managers.","_seopress_robots_index":"","_uag_custom_page_level_css":"","footnotes":""},"class_list":["post-3711","page","type-page","status-publish","hentry"],"uagb_featured_image_src":{"full":false,"thumbnail":false,"medium":false,"medium_large":false,"large":false,"1536x1536":false,"2048x2048":false,"trp-custom-language-flag":false},"uagb_author_info":{"display_name":"frank","author_link":"https:\/\/furado.ch\/de\/author\/frank\/"},"uagb_comment_info":0,"uagb_excerpt":"Explore the Market-Leading Technology of Furado and Set New Standards Navigating withholding tax reclaiming can be daunting due to complex regulations and lack of standardisation, often leaving refunds unclaimed. At Furado, we are setting new standards. Our market-leading technology automatically manages the entire process end-to-end, reducing manual effort and errors. Contact us today and start&hellip;","_links":{"self":[{"href":"https:\/\/furado.ch\/de\/wp-json\/wp\/v2\/pages\/3711","targetHints":{"allow":["GET"]}}],"collection":[{"href":"https:\/\/furado.ch\/de\/wp-json\/wp\/v2\/pages"}],"about":[{"href":"https:\/\/furado.ch\/de\/wp-json\/wp\/v2\/types\/page"}],"author":[{"embeddable":true,"href":"https:\/\/furado.ch\/de\/wp-json\/wp\/v2\/users\/1"}],"replies":[{"embeddable":true,"href":"https:\/\/furado.ch\/de\/wp-json\/wp\/v2\/comments?post=3711"}],"version-history":[{"count":4,"href":"https:\/\/furado.ch\/de\/wp-json\/wp\/v2\/pages\/3711\/revisions"}],"predecessor-version":[{"id":3827,"href":"https:\/\/furado.ch\/de\/wp-json\/wp\/v2\/pages\/3711\/revisions\/3827"}],"wp:attachment":[{"href":"https:\/\/furado.ch\/de\/wp-json\/wp\/v2\/media?parent=3711"}],"curies":[{"name":"wp","href":"https:\/\/api.w.org\/{rel}","templated":true}]}}