{"id":74,"date":"2024-07-31T15:34:57","date_gmt":"2024-07-31T13:34:57","guid":{"rendered":"https:\/\/new.furado.ch\/?page_id=74"},"modified":"2025-05-22T10:21:48","modified_gmt":"2025-05-22T08:21:48","slug":"banken","status":"publish","type":"page","link":"https:\/\/furado.ch\/de\/banks\/","title":{"rendered":"Banken"},"content":{"rendered":"<section class=\"wp-block-group sixty text-hero has-global-padding is-content-justification-left is-layout-constrained wp-container-core-group-is-layout-8531ebe2 wp-block-group-is-layout-constrained\" style=\"padding-top:var(--wp--preset--spacing--xx-large);padding-right:0;padding-bottom:var(--wp--preset--spacing--xx-large);padding-left:0\">\n<div class=\"wp-block-group is-layout-flow wp-block-group-is-layout-flow\" style=\"padding-top:0px;padding-right:0px;padding-bottom:0px;padding-left:0px\">\n<h1 class=\"wp-block-heading animated fadeInUp\" style=\"font-size:clamp(1.976rem, 1.976rem + ((1vw - 0.2rem) * 1.847), 3.5rem);line-height:1.1\">Quellensteuerr\u00fcckforderung f\u00fcr Banken<\/h1>\n\n\n\n<p style=\"font-size:clamp(0.929rem, 0.929rem + ((1vw - 0.2rem) * 0.571), 1.4rem);\">Unabh\u00e4ngig davon, wo sich Ihre Kundinnen und Kunden befinden oder wie komplex ihre Strukturen sind, die marktf\u00fchrende L\u00f6sung von Furado optimiert den R\u00fcckforderungsprozess f\u00fcr Banken.<\/p>\n\n\n\n<div class=\"wp-block-buttons is-layout-flex wp-block-buttons-is-layout-flex\">\n<div class=\"wp-block-button is-style-outline bwhite spectra-popup-trigger-1832 is-style-outline--1\"><a class=\"wp-block-button__link has-custom-font-size wp-element-button\" style=\"border-radius:25px;font-size:clamp(0.929rem, 0.929rem + ((1vw - 0.2rem) * 0.571), 1.4rem);\">Kontakt<\/a><\/div>\n<\/div>\n<\/div>\n<\/section>\n\n\n\n<section class=\"wp-block-group is-layout-flow wp-block-group-is-layout-flow\" style=\"padding-top:0;padding-right:0;padding-bottom:var(--wp--preset--spacing--large);padding-left:0\">\n<div class=\"wp-block-columns oneleft is-layout-flex wp-container-core-columns-is-layout-59d1c3ab wp-block-columns-is-layout-flex\" style=\"padding-top:0;padding-right:var(--wp--preset--spacing--xx-large);padding-bottom:0\">\n<div class=\"wp-block-column is-layout-flow wp-container-core-column-is-layout-150b45c5 wp-block-column-is-layout-flow\" style=\"padding-bottom:var(--wp--preset--spacing--large);flex-basis:100%\">\n<figure class=\"wp-block-image size-full stickit\"><img loading=\"lazy\" decoding=\"async\" width=\"1200\" height=\"800\" src=\"https:\/\/furado.ch\/site\/wp-content\/uploads\/hero-bank.webp\" alt=\"Bankgespr\u00e4ch mit furado\" class=\"wp-image-1351\" style=\"object-fit:cover\" srcset=\"https:\/\/furado.ch\/site\/wp-content\/uploads\/hero-bank.webp 1200w, https:\/\/furado.ch\/site\/wp-content\/uploads\/hero-bank-300x200.webp 300w, https:\/\/furado.ch\/site\/wp-content\/uploads\/hero-bank-1024x683.webp 1024w, https:\/\/furado.ch\/site\/wp-content\/uploads\/hero-bank-768x512.webp 768w\" sizes=\"auto, (max-width: 1200px) 100vw, 1200px\" \/><\/figure>\n<\/div>\n\n\n\n<div class=\"wp-block-column sticky is-layout-flow wp-block-column-is-layout-flow\" style=\"flex-basis:100%\">\n<h2 class=\"wp-block-heading animated fadeInUp\" style=\"font-size:clamp(1.976rem, 1.976rem + ((1vw - 0.2rem) * 1.847), 3.5rem);line-height:1.1\">So funktioniert\u2019s<\/h2>\n\n\n\n<div class=\"wp-block-group has-global-padding is-layout-constrained wp-container-core-group-is-layout-5d07948e wp-block-group-is-layout-constrained\" style=\"margin-bottom:var(--wp--preset--spacing--large);padding-right:0px;padding-left:0px\">\n<figure class=\"wp-block-image size-full is-style-default\"><img decoding=\"async\" src=\"https:\/\/furado.ch\/site\/wp-content\/uploads\/file-pen-line-1.svg\" alt=\"\" class=\"wp-image-1508\"\/><\/figure>\n\n\n\n<p class=\"translation-block\">Sobald Ihre Kundinnen und Kunden die <strong>Furado-Vollmacht<\/strong> unterzeichnet haben, \u00fcbernehmen wir den gesamten R\u00fcckforderungsprozess und kommunizieren direkt mit den lokalen und internationalen Steuerbeh\u00f6rden.<\/p>\n<\/div>\n\n\n\n<div class=\"wp-block-group has-global-padding is-layout-constrained wp-container-core-group-is-layout-971b3c6c wp-block-group-is-layout-constrained\" style=\"margin-bottom:var(--wp--preset--spacing--large)\">\n<figure class=\"wp-block-image size-full\"><img decoding=\"async\" src=\"https:\/\/furado.ch\/site\/wp-content\/uploads\/coins.svg\" alt=\"\" class=\"wp-image-1509\"\/><\/figure>\n\n\n\n<p class=\"translation-block\">Furado ruft die Belege bei den Banken elektronisch ab, <strong>berechnet die R\u00fcckforderungsbetr\u00e4ge nach Abzug aller Kosten und optimiert diese<\/strong>. Anschliessend \u00fcbermitteln wir die erforderlichen Formulare, einschliesslich der Ans\u00e4ssigkeitsbescheinigung, an die Steuerbeh\u00f6rden.<\/p>\n<\/div>\n\n\n\n<div class=\"wp-block-group has-global-padding is-layout-constrained wp-container-core-group-is-layout-971b3c6c wp-block-group-is-layout-constrained\" style=\"margin-bottom:var(--wp--preset--spacing--large)\">\n<figure class=\"wp-block-image size-full\"><img decoding=\"async\" src=\"https:\/\/furado.ch\/site\/wp-content\/uploads\/compare-arrows.svg\" alt=\"\" class=\"wp-image-1510\"\/><\/figure>\n\n\n\n<p class=\"translation-block\">Furado <strong>verfolgt den R\u00fcckerstattungsprozess<\/strong> bis zur vollst\u00e4ndigen R\u00fcckzahlung an die Endkundinnen und -kunden und optimiert den Prozess durch Anwendung der vorteilhaftesten Regelungen. W\u00e4hrend des gesamten Prozesses stellen wir durch detaillierte Berichte sicher, dass die Bank stets vollst\u00e4ndig informiert ist und aktuelle Informationen zeitnah erh\u00e4lt.<\/p>\n<\/div>\n<\/div>\n<\/div>\n<\/section>\n\n\n\n<section class=\"wp-block-group alignfull has-base-color has-primary-background-color has-text-color has-background has-link-color wp-elements-31a6a6f23ef1dbd5d43e029b11f74420 has-global-padding is-layout-constrained wp-container-core-group-is-layout-14048dfb wp-block-group-is-layout-constrained\" style=\"padding-right:24px;padding-left:24px\">\n<div class=\"wp-block-group alignwide modelintro has-base-color has-primary-background-color has-text-color has-background has-link-color wp-elements-ebff44182f1f77a3226b50732996874d has-global-padding is-layout-constrained wp-container-core-group-is-layout-af882577 wp-block-group-is-layout-constrained\" style=\"margin-top:0;margin-bottom:0;padding-top:var(--wp--preset--spacing--xx-large);padding-right:0;padding-bottom:var(--wp--preset--spacing--small);padding-left:0\">\n<h2 class=\"wp-block-heading has-base-color has-text-color has-link-color wp-elements-0f7b877df7f959c06ac1dc7723fbf583\" style=\"font-size:clamp(1.976rem, 1.976rem + ((1vw - 0.2rem) * 1.847), 3.5rem);line-height:1.1\">Unsere R\u00fcckforderungsmodelle<\/h2>\n\n\n\n<p class=\"has-base-color has-text-color has-link-color wp-elements-676af2164675e0093e21c916f0c30bfa translation-block\">F\u00fcr die R\u00fcckforderung von Quellensteuern bieten wir f\u00fcr Banken zwei Modelle an: <strong>Outsourcing<\/strong> und <strong>Referral<\/strong>.<\/p>\n<\/div>\n\n\n\n<div class=\"wp-block-uagb-slider model-slider uagb-block-bce001d7 uagb-slider-container\"><div class=\"uagb-slides uagb-swiper\"><div class=\"swiper-wrapper\">\n<div class=\"wp-block-uagb-slider-child uagb-slider-child-wrap swiper-slide uagb-block-866778bb\"><div class=\"swiper-content\">\n<div class=\"wp-block-group is-vertical is-content-justification-left is-layout-flex wp-container-core-group-is-layout-790bb0c6 wp-block-group-is-layout-flex\">\n<div class=\"wp-block-group has-global-padding is-layout-constrained wp-block-group-is-layout-constrained\">\n<p class=\"has-base-color has-text-color has-link-color wp-elements-c10a1f71bd6003e47f30ae54cd075ec3\" style=\"padding-bottom:1rem\">\u2013 R\u00fcckforderungsl\u00f6sung<\/p>\n\n\n\n<h3 class=\"wp-block-heading has-base-color has-text-color has-link-color wp-elements-bd76082011c3e8d65ae0faf81f29cad6\" style=\"margin-top:0px;margin-bottom:0px;padding-top:0px;padding-bottom:0px;font-size:clamp(1.976rem, 1.976rem + ((1vw - 0.2rem) * 1.847), 3.5rem);line-height:1.1\">Das Outsourcing-Modell<\/h3>\n<\/div>\n\n\n\n<p class=\"has-base-color has-text-color has-link-color wp-elements-08a71d3b562a9c09cbd902f40139f4b8\">Furado \u00fcbernimmt den R\u00fcckforderungsprozess im Namen der Banken und erf\u00fcllt dabei die Anforderungen der Schweizer Bankenregulierung und -aufsicht. Die Bank und ihre Kunden und Kundinnen profitieren von einem bequemen R\u00fcckforderungsprozess, da Furado s\u00e4mtliche Interaktionen mit den lokalen und internationalen Steuerbeh\u00f6rden \u00fcbernimmt.<\/p>\n<\/div>\n<\/div><\/div>\n\n\n\n<div class=\"wp-block-uagb-slider-child uagb-slider-child-wrap swiper-slide uagb-block-8c9b4838\"><div class=\"swiper-content\">\n<div class=\"wp-block-group is-vertical is-layout-flex wp-container-core-group-is-layout-be455cf3 wp-block-group-is-layout-flex\">\n<div class=\"wp-block-group has-global-padding is-layout-constrained wp-block-group-is-layout-constrained\">\n<p class=\"has-base-color has-text-color has-link-color wp-elements-c10a1f71bd6003e47f30ae54cd075ec3\" style=\"padding-bottom:1rem\">\u2013 R\u00fcckforderungsl\u00f6sung<\/p>\n\n\n\n<h3 class=\"wp-block-heading has-base-color has-text-color has-link-color wp-elements-16f09a8573256fb7067ae077514f2755\" style=\"margin-top:0px;margin-bottom:0px;padding-top:0px;padding-bottom:0px;font-size:clamp(1.976rem, 1.976rem + ((1vw - 0.2rem) * 1.847), 3.5rem);line-height:1.1\">Das Referral-Modell<\/h3>\n<\/div>\n\n\n\n<p class=\"has-base-color has-text-color has-link-color wp-elements-bc94fab728dca4131d4b05594fc376d0\">Die Bank empfiehlt die Dienstleistungen von Furado und etabliert eine direkte vertragliche Beziehung zwischen Furado und den Endkundinnen und -kunden. Die Bank und Furado schliessen eine Kooperationsvereinbarung ab, die eine umfassende Zusammenarbeit definiert. Der Service ist auf die hohen Erwartungen von Privatbanken, internationalen Wealth Managers und ihrer wohlhabenden Kundinnen und Kunden zugeschnitten.<\/p>\n<\/div>\n<\/div><\/div>\n<\/div><\/div><div class=\"swiper-pagination\"><\/div><\/div>\n<\/section>\n\n\n\n<section class=\"wp-block-group oneleft sixty has-base-color has-base-background-color has-text-color has-background has-link-color wp-elements-15e90e0af2b32132b36a8ababae1aa76 has-global-padding is-content-justification-left is-layout-constrained wp-container-core-group-is-layout-a41ecf7d wp-block-group-is-layout-constrained\" style=\"margin-top:0px;margin-bottom:0px;padding-top:var(--wp--preset--spacing--xx-large);padding-right:var(--wp--preset--spacing--xx-large);padding-bottom:var(--wp--preset--spacing--small);padding-left:var(--wp--preset--spacing--xx-large)\">\n<h2 class=\"wp-block-heading animated fadeInUp\" style=\"font-size:clamp(1.976rem, 1.976rem + ((1vw - 0.2rem) * 1.847), 3.5rem);line-height:1.1\">Unsere Service-Levels<\/h2>\n\n\n\n<p class=\"has-primary-color has-text-color has-link-color wp-elements-77f8445a767d7a6c199b62611486f27e translation-block\">Der vollautomatisierte R\u00fcckforderungsprozess f\u00fcr Quellensteuern wird in zwei Varianten angeboten:<br><strong>Vollservice<\/strong> und <strong>Teilservice<\/strong>.<\/p>\n<\/section>\n\n\n\n<section class=\"wp-block-group oneleft has-base-color has-base-background-color has-text-color has-background has-link-color wp-elements-95ebbec6790a8f68a62d390fc182bafb is-layout-flow wp-block-group-is-layout-flow\" style=\"padding-top:0;padding-right:var(--wp--preset--spacing--xx-large);padding-bottom:0;padding-left:var(--wp--preset--spacing--xx-large)\">\n<div class=\"wp-block-uagb-slider uagb-block-c39b5378 uagb-slider-container\"><div class=\"uagb-slides uagb-swiper\"><div class=\"swiper-wrapper\">\n<div class=\"wp-block-uagb-slider-child uagb-slider-child-wrap swiper-slide uagb-block-dd06900f\"><div class=\"swiper-content\">\n<div class=\"wp-block-group is-vertical is-layout-flex wp-container-core-group-is-layout-38a5b888 wp-block-group-is-layout-flex\">\n<div class=\"wp-block-group is-layout-flow wp-container-core-group-is-layout-8a92f19b wp-block-group-is-layout-flow\">\n<p class=\"has-primary-color has-text-color has-link-color wp-elements-d47174c2c26c7bec1a74a0537e20a0cd\">\u2013 Service-Level<\/p>\n\n\n\n<h3 class=\"wp-block-heading has-primary-color has-text-color has-x-large-font-size\" style=\"line-height:1\">Vollservice<\/h3>\n<\/div>\n\n\n\n<div style=\"height:0px\" aria-hidden=\"true\" class=\"wp-block-spacer wp-container-content-40d3884b\"><\/div>\n\n\n\n<p class=\"has-primary-color has-text-color has-link-color wp-elements-9553028559a771e9e3786b19f49b6c6b\">Kunden und Kundinnen k\u00f6nnen sich beruhigt zur\u00fccklehnen, denn dank des umfassenden Quellensteuer-R\u00fcckerstattungsprozesses von Furado ist ihr Mitwirken nicht l\u00e4nger notwendig.<\/p>\n<\/div>\n<\/div><\/div>\n\n\n\n<div class=\"wp-block-uagb-slider-child uagb-slider-child-wrap swiper-slide uagb-block-0d003824\"><div class=\"swiper-content\">\n<div class=\"wp-block-group is-vertical is-content-justification-left is-layout-flex wp-container-core-group-is-layout-23ae4ac0 wp-block-group-is-layout-flex\">\n<div class=\"wp-block-group is-layout-flow wp-container-core-group-is-layout-8a92f19b wp-block-group-is-layout-flow\">\n<p class=\"has-primary-color has-text-color\">\u2013 Service-Level<\/p>\n\n\n\n<h3 class=\"wp-block-heading has-primary-color has-text-color has-x-large-font-size\" style=\"line-height:1\">Teilservice<\/h3>\n<\/div>\n\n\n\n<div style=\"height:0px\" aria-hidden=\"true\" class=\"wp-block-spacer wp-container-content-40d3884b\"><\/div>\n\n\n\n<p class=\"has-primary-color has-text-color has-link-color wp-elements-1ee5036ca9399b3ac65e7625f26623cb\">Furado \u00fcbernimmt alle Aspekte der Dokumentenerstellung, Unterzeichnung und Einreichung und gew\u00e4hrleistet dabei einen schnellen, reibungslosen Ablauf mit minimalem Aufwand f\u00fcr die Endkundschaft.<\/p>\n<\/div>\n<\/div><\/div>\n<\/div><\/div><div class=\"swiper-pagination\"><\/div><\/div>\n<\/section>\n\n\n\n<section class=\"wp-block-group oneleft sixty has-base-color has-base-background-color has-text-color has-background has-link-color wp-elements-5abe0ade85e8dca78d2038094b82e59c has-global-padding is-content-justification-left is-layout-constrained wp-container-core-group-is-layout-90d6589b wp-block-group-is-layout-constrained\" style=\"padding-top:0;padding-right:0;padding-bottom:var(--wp--preset--spacing--x-large);padding-left:var(--wp--preset--spacing--xx-large)\">\n<p class=\"spectra-popup-trigger-1832 has-primary-color has-text-color has-link-color wp-elements-d8897ce363c9ae03719bdd7cd6455ede translation-block\" style=\"font-size:clamp(0.929rem, 0.929rem + ((1vw - 0.2rem) * 0.571), 1.4rem);\">M\u00f6chten Sie erfahren, f\u00fcr welche L\u00e4nder wir den Vollservice anbieten? <strong>Kontaktieren Sie uns<\/strong> f\u00fcr weitere Informationen.<\/p>\n<\/section>\n\n\n\n<section class=\"wp-block-group oneleft sixty has-base-color has-base-background-color has-text-color has-background has-link-color wp-elements-3c4814acb2140ff75d4a7d6f44d3870d has-global-padding is-content-justification-left is-layout-constrained wp-container-core-group-is-layout-7f43687f wp-block-group-is-layout-constrained\" style=\"padding-top:0;padding-right:var(--wp--preset--spacing--xx-large);padding-bottom:var(--wp--preset--spacing--medium);padding-left:var(--wp--preset--spacing--xx-large)\">\n<h2 class=\"wp-block-heading animated fadeInUp\" style=\"font-size:clamp(1.976rem, 1.976rem + ((1vw - 0.2rem) * 1.847), 3.5rem);line-height:1.1\">Warum Furado?<\/h2>\n<\/section>\n\n\n\n<section class=\"wp-block-group alignfull homeslider blackwide is-layout-flow wp-container-core-group-is-layout-501b07f6 wp-block-group-is-layout-flow\" style=\"padding-right:0;padding-bottom:var(--wp--preset--spacing--large);padding-left:0px\">\n<div class=\"wp-block-uagb-slider bank-slider uagb-block-04dbfa82 uagb-slider-container\"><div class=\"uagb-slides uagb-swiper\"><div class=\"swiper-wrapper\">\n<div class=\"wp-block-uagb-slider-child uagb-slider-child-wrap swiper-slide uagb-block-87aa5edc\"><div class=\"swiper-content\">\n<div class=\"wp-block-group is-vertical is-layout-flex wp-container-core-group-is-layout-41d1bbe6 wp-block-group-is-layout-flex\" style=\"padding-bottom:var(--wp--preset--spacing--large)\">\n<p class=\"has-base-color has-text-color has-link-color wp-elements-02995110c881dd22b736ceaf9180b935\">\u2013 Fehlerfreie Ausf\u00fchrung<\/p>\n\n\n\n<h3 class=\"wp-block-heading has-base-color has-text-color has-link-color wp-elements-e76148b8ff749fa2548ba8f323c0a200\" style=\"margin-top:0px;margin-bottom:0px;padding-top:0px;padding-bottom:0px;font-size:clamp(1.976rem, 1.976rem + ((1vw - 0.2rem) * 1.847), 3.5rem);line-height:1.1\">Unser vollautomatisierter End-to-End R\u00fcckforderungsprozess garantiert eine erstklassige Ausf\u00fchrung und fehlerfreie Resultate, sodass Ihre Kundinnen und Kunden stets optimale Ergebnisse erzielen.<\/h3>\n<\/div>\n<\/div><\/div>\n\n\n\n<div class=\"wp-block-uagb-slider-child uagb-slider-child-wrap swiper-slide uagb-block-c73f0530\"><div class=\"swiper-content\">\n<div class=\"wp-block-group is-vertical is-layout-flex wp-container-core-group-is-layout-41d1bbe6 wp-block-group-is-layout-flex\" style=\"padding-bottom:var(--wp--preset--spacing--large)\">\n<p class=\"has-base-color has-text-color has-link-color wp-elements-b4c3e7b3fb17b5cd38560127d71271c4\">\u2013 Komplexit\u00e4tsreduktion<\/p>\n\n\n\n<h3 class=\"wp-block-heading has-base-color has-text-color has-link-color wp-elements-9abd735c6807ad50e97a2227f1f42c71\" style=\"margin-top:0px;margin-bottom:0px;padding-top:0px;padding-bottom:0px;font-size:clamp(1.976rem, 1.976rem + ((1vw - 0.2rem) * 1.847), 3.5rem);line-height:1.1\">Unsere innovative Softwarel\u00f6sung erm\u00f6glicht einen vollautomatisierten End-to-End-R\u00fcckforderungsprozess, der alle wesentlichen Prozessschritte digitalisiert abwickelt.<\/h3>\n<\/div>\n<\/div><\/div>\n\n\n\n<div class=\"wp-block-uagb-slider-child uagb-slider-child-wrap swiper-slide uagb-block-4e030541\"><div class=\"swiper-content\">\n<div class=\"wp-block-group is-vertical is-layout-flex wp-container-core-group-is-layout-41d1bbe6 wp-block-group-is-layout-flex\" style=\"padding-bottom:var(--wp--preset--spacing--large)\">\n<p class=\"has-base-color has-text-color has-link-color wp-elements-e8b884fe8daa94c9d0152178d1eb9dbd\">\u2013 Breite Kundenabdeckung<\/p>\n\n\n\n<h3 class=\"wp-block-heading has-base-color has-text-color has-link-color wp-elements-f8f71f38e1aa560343476dd7d219ac7c\" style=\"margin-top:0px;margin-bottom:0px;padding-top:0px;padding-bottom:0px;font-size:clamp(1.976rem, 1.976rem + ((1vw - 0.2rem) * 1.847), 3.5rem);line-height:1.1\">Neben unserer umfassenden Abdeckung der europ\u00e4ischen Investitionsm\u00e4rkte garantieren wir einen effizienten Prozess f\u00fcr alle relevanten Kundentypen.<\/h3>\n<\/div>\n<\/div><\/div>\n<\/div><\/div><div class=\"swiper-pagination\"><\/div><\/div>\n<\/section>\n\n\n\n<section class=\"wp-block-group sixty has-global-padding is-content-justification-left is-layout-constrained wp-container-core-group-is-layout-8531ebe2 wp-block-group-is-layout-constrained\" style=\"padding-top:var(--wp--preset--spacing--xx-large);padding-right:0;padding-bottom:var(--wp--preset--spacing--xx-large);padding-left:0\">\n<div class=\"wp-block-group is-layout-flow wp-block-group-is-layout-flow\" style=\"padding-top:0px;padding-right:0px;padding-bottom:0px;padding-left:0px\">\n<h2 class=\"wp-block-heading\" style=\"font-size:clamp(1.976rem, 1.976rem + ((1vw - 0.2rem) * 1.847), 3.5rem);line-height:1.1\">Erfahren Sie mehr \u00fcber unsere vollautomatisierten L\u00f6sungen f\u00fcr Banken<\/h2>\n\n\n\n<div class=\"wp-block-buttons is-layout-flex wp-block-buttons-is-layout-flex\">\n<div class=\"wp-block-button is-style-outline bwhite spectra-popup-trigger-1832 is-style-outline--2\"><a class=\"wp-block-button__link has-custom-font-size wp-element-button\" style=\"border-radius:25px;font-size:clamp(0.929rem, 0.929rem + ((1vw - 0.2rem) * 0.571), 1.4rem);\">Jetzt Kontakt aufnehmen<\/a><\/div>\n<\/div>\n<\/div>\n<\/section>","protected":false},"excerpt":{"rendered":"<p>Withholding Tax Reclaiming Solutions for Banks No matter where your clients are located or how complex their client driven structures are, the market-leading solution of Furado streamlines the withholding tax reclaiming process for banks. How Does It Work? Once your clients sign the Furado Power of Attorney, we manage the entire reclaiming process, directly interfacing [&hellip;]<\/p>\n","protected":false},"author":1,"featured_media":0,"parent":0,"menu_order":0,"comment_status":"closed","ping_status":"closed","template":"page-no-title","meta":{"_seopress_robots_primary_cat":"","_seopress_titles_title":"Banks | Furado","_seopress_titles_desc":"Effortlessly reclaim withholding tax for your clients using our industry-leading service, regardless of their location or the complexity of their structures.","_seopress_robots_index":"","_uag_custom_page_level_css":"","footnotes":""},"class_list":["post-74","page","type-page","status-publish","hentry"],"uagb_featured_image_src":{"full":false,"thumbnail":false,"medium":false,"medium_large":false,"large":false,"1536x1536":false,"2048x2048":false,"trp-custom-language-flag":false},"uagb_author_info":{"display_name":"frank","author_link":"https:\/\/furado.ch\/de\/author\/frank\/"},"uagb_comment_info":0,"uagb_excerpt":"Withholding Tax Reclaiming Solutions for Banks No matter where your clients are located or how complex their client driven structures are, the market-leading solution of Furado streamlines the withholding tax reclaiming process for banks. How Does It Work? Once your clients sign the Furado Power of Attorney, we manage the entire reclaiming process, directly interfacing&hellip;","_links":{"self":[{"href":"https:\/\/furado.ch\/de\/wp-json\/wp\/v2\/pages\/74","targetHints":{"allow":["GET"]}}],"collection":[{"href":"https:\/\/furado.ch\/de\/wp-json\/wp\/v2\/pages"}],"about":[{"href":"https:\/\/furado.ch\/de\/wp-json\/wp\/v2\/types\/page"}],"author":[{"embeddable":true,"href":"https:\/\/furado.ch\/de\/wp-json\/wp\/v2\/users\/1"}],"replies":[{"embeddable":true,"href":"https:\/\/furado.ch\/de\/wp-json\/wp\/v2\/comments?post=74"}],"version-history":[{"count":400,"href":"https:\/\/furado.ch\/de\/wp-json\/wp\/v2\/pages\/74\/revisions"}],"predecessor-version":[{"id":3830,"href":"https:\/\/furado.ch\/de\/wp-json\/wp\/v2\/pages\/74\/revisions\/3830"}],"wp:attachment":[{"href":"https:\/\/furado.ch\/de\/wp-json\/wp\/v2\/media?parent=74"}],"curies":[{"name":"wp","href":"https:\/\/api.w.org\/{rel}","templated":true}]}}