{"id":76,"date":"2024-07-31T15:35:12","date_gmt":"2024-07-31T13:35:12","guid":{"rendered":"https:\/\/new.furado.ch\/?page_id=76"},"modified":"2025-05-22T10:35:14","modified_gmt":"2025-05-22T08:35:14","slug":"versicherungsgesellschaften","status":"publish","type":"page","link":"https:\/\/furado.ch\/de\/insurance-companies\/","title":{"rendered":"Versicherungen"},"content":{"rendered":"<section class=\"wp-block-group sixty text-hero has-global-padding is-content-justification-left is-layout-constrained wp-container-core-group-is-layout-8531ebe2 wp-block-group-is-layout-constrained\" style=\"padding-top:var(--wp--preset--spacing--xx-large);padding-right:0;padding-bottom:var(--wp--preset--spacing--xx-large);padding-left:0\">\n<div class=\"wp-block-group is-layout-flow wp-block-group-is-layout-flow\" style=\"padding-top:0px;padding-right:0px;padding-bottom:0px;padding-left:0px\">\n<h1 class=\"wp-block-heading animated fadeInUp\" style=\"font-size:clamp(1.976rem, 1.976rem + ((1vw - 0.2rem) * 1.847), 3.5rem);line-height:1.1\">Quellensteuerr\u00fcckforderung f\u00fcr Versicherungen<\/h1>\n\n\n\n<p>Unabh\u00e4ngig von der Anzahl der involvierten Depotbanken optimiert unsere L\u00f6sung den R\u00fcckforderungsprozess f\u00fcr Lebensversicherungen in allen relevanten Anlagem\u00e4rkten.<\/p>\n\n\n\n<div class=\"wp-block-buttons is-layout-flex wp-block-buttons-is-layout-flex\">\n<div class=\"wp-block-button is-style-outline bwhite spectra-popup-trigger-1832 is-style-outline--1\"><a class=\"wp-block-button__link has-custom-font-size wp-element-button\" style=\"border-radius:25px;font-size:clamp(0.929rem, 0.929rem + ((1vw - 0.2rem) * 0.571), 1.4rem);\">Kontakt<\/a><\/div>\n<\/div>\n<\/div>\n<\/section>\n\n\n\n<section class=\"wp-block-group is-layout-flow wp-block-group-is-layout-flow\" style=\"padding-top:0;padding-right:0;padding-bottom:var(--wp--preset--spacing--large);padding-left:0\">\n<div class=\"wp-block-columns oneleft is-layout-flex wp-container-core-columns-is-layout-2462910d wp-block-columns-is-layout-flex\" style=\"padding-right:var(--wp--preset--spacing--xx-large)\">\n<div class=\"wp-block-column is-layout-flow wp-block-column-is-layout-flow\" style=\"padding-bottom:var(--wp--preset--spacing--large);flex-basis:100%\">\n<figure class=\"wp-block-image size-full stickit\"><img loading=\"lazy\" decoding=\"async\" width=\"1200\" height=\"800\" src=\"https:\/\/furado.ch\/site\/wp-content\/uploads\/insurance-consultant.webp\" alt=\"Versicherungsberater\" class=\"wp-image-1600\" style=\"object-fit:cover\" srcset=\"https:\/\/furado.ch\/site\/wp-content\/uploads\/insurance-consultant.webp 1200w, https:\/\/furado.ch\/site\/wp-content\/uploads\/insurance-consultant-300x200.webp 300w, https:\/\/furado.ch\/site\/wp-content\/uploads\/insurance-consultant-1024x683.webp 1024w, https:\/\/furado.ch\/site\/wp-content\/uploads\/insurance-consultant-768x512.webp 768w\" sizes=\"auto, (max-width: 1200px) 100vw, 1200px\" \/><\/figure>\n<\/div>\n\n\n\n<div class=\"wp-block-column is-layout-flow wp-block-column-is-layout-flow\" style=\"flex-basis:100%\">\n<h2 class=\"wp-block-heading animated fadeInUp\" style=\"font-size:clamp(1.976rem, 1.976rem + ((1vw - 0.2rem) * 1.847), 3.5rem);line-height:1.1\">So funktioniert\u2019s<\/h2>\n\n\n\n<div class=\"wp-block-group has-global-padding is-layout-constrained wp-container-core-group-is-layout-5d07948e wp-block-group-is-layout-constrained\" style=\"margin-bottom:var(--wp--preset--spacing--large);padding-right:0px;padding-left:0px\">\n<figure class=\"wp-block-image size-full is-style-default\"><img decoding=\"async\" src=\"https:\/\/furado.ch\/site\/wp-content\/uploads\/file-stack.svg\" alt=\"\" class=\"wp-image-1597\"\/><\/figure>\n\n\n\n<p class=\"translation-block\"><strong>Wir \u00fcbernehmen den gesamten R\u00fcckforderungsprozess<\/strong> im Namen der Lebensversicherung. Dabei kommunizieren wir direkt mit lokalen und internationalen Steuerbeh\u00f6rden \u2013 ohne zus\u00e4tzlichen Aufwand f\u00fcr die Versicherung. Furado stellt sicher, dass alle notwendigen Dokumente elektronisch bezogen und verarbeitet und die R\u00fcckerstattungen automatisch an die Versicherung und die individuellen Policenkonten weitergeleitet werden.<\/p>\n<\/div>\n\n\n\n<div class=\"wp-block-group has-global-padding is-layout-constrained wp-container-core-group-is-layout-971b3c6c wp-block-group-is-layout-constrained\" style=\"margin-bottom:var(--wp--preset--spacing--large)\">\n<figure class=\"wp-block-image size-full\"><img decoding=\"async\" src=\"https:\/\/furado.ch\/site\/wp-content\/uploads\/refresh.svg\" alt=\"\" class=\"wp-image-1598\"\/><\/figure>\n\n\n\n<p class=\"translation-block\">Mithilfe <strong>fortschrittlicher Technologie und bew\u00e4hrter Prozesse<\/strong> optimieren wir die R\u00fcckforderungen, indem wir Positionen von \u00fcber 120 internationalen Depotbanken konsolidieren. Diese Abdeckung erm\u00f6glicht es Versicherungen, eine faire und gleiche Behandlung alles Policen sicherzustellen.<\/p>\n<\/div>\n\n\n\n<div class=\"wp-block-group has-global-padding is-layout-constrained wp-container-core-group-is-layout-971b3c6c wp-block-group-is-layout-constrained\" style=\"margin-bottom:var(--wp--preset--spacing--large)\">\n<figure class=\"wp-block-image size-full\"><img decoding=\"async\" src=\"https:\/\/furado.ch\/site\/wp-content\/uploads\/compare-arrows.svg\" alt=\"\" class=\"wp-image-1510\"\/><\/figure>\n\n\n\n<p class=\"translation-block\">Unser Service garantiert <strong>umfassende Berichterstattung w\u00e4hrend des gesamten Prozesses<\/strong>, um die Nachverfolgung aller R\u00fcckforderungen auf Policenebene sicherzustellen.<\/p>\n<\/div>\n<\/div>\n<\/div>\n<\/section>\n\n\n\n<section class=\"wp-block-group alignfull has-base-color has-primary-background-color has-text-color has-background has-link-color wp-elements-99df900b34cfc3d54bdac6f0eb3a79e3 has-global-padding is-layout-constrained wp-container-core-group-is-layout-ecd17e30 wp-block-group-is-layout-constrained\" style=\"padding-right:24px;padding-left:24px\">\n<div class=\"wp-block-uagb-slider model-slider uagb-block-bce001d7 uagb-slider-container\"><div class=\"uagb-slides uagb-swiper\"><div class=\"swiper-wrapper\">\n<div class=\"wp-block-uagb-slider-child uagb-slider-child-wrap swiper-slide uagb-block-866778bb\"><div class=\"swiper-content\">\n<div class=\"wp-block-group is-vertical is-content-justification-left is-layout-flex wp-container-core-group-is-layout-790bb0c6 wp-block-group-is-layout-flex\">\n<div class=\"wp-block-group has-global-padding is-layout-constrained wp-block-group-is-layout-constrained\">\n<p class=\"has-base-color has-text-color has-link-color wp-elements-c10a1f71bd6003e47f30ae54cd075ec3\" style=\"padding-bottom:1rem\">\u2013 R\u00fcckforderungsl\u00f6sung<\/p>\n\n\n\n<h2 class=\"wp-block-heading has-base-color has-text-color has-link-color wp-elements-72b4812fc23573d0404398392cb43df3\" style=\"margin-top:0px;margin-bottom:0px;padding-top:0px;padding-bottom:0px;font-size:clamp(1.976rem, 1.976rem + ((1vw - 0.2rem) * 1.847), 3.5rem);line-height:1.1\">R\u00fcckforderungsmodell<\/h2>\n<\/div>\n\n\n\n<p class=\"textcolumns has-base-color has-text-color has-link-color wp-elements-1ef07f4344c9d5d08440ce98906166ee\">Auf Basis einer umfassenden Service-Level-Vereinbarung fordert Furado die einbehaltenen Steuern auf die von der Lebensversicherung verbuchten Policen zur\u00fcck. Diese Portfolios sind oft auf zahlreiche Depotbanken in verschiedenen L\u00e4ndern verteilt. Wir sorgen daf\u00fcr, dass alle relevanten Policenkonten konsolidiert und optimiert zur\u00fcckgefordert werden. Dies reduziert sowohl Prozesskomplexit\u00e4t als auch Kosten. Zudem stellt Furado regelm\u00e4ssig detaillierte Berichte bereit, damit das Unternehmen stets \u00fcber den Status jeder Anfrage informiert ist. Unser Service ist benutzerfreundlich und erfordert keine IT-Investitionen oder zus\u00e4tzliche Projektkosten.<\/p>\n<\/div>\n<\/div><\/div>\n<\/div><\/div><div class=\"swiper-pagination\"><\/div><\/div>\n<\/section>\n\n\n\n<section class=\"wp-block-group oneleft is-layout-flow wp-container-core-group-is-layout-8a6a4654 wp-block-group-is-layout-flow\" style=\"margin-top:var(--wp--preset--spacing--xx-large);margin-bottom:0;padding-right:var(--wp--preset--spacing--xx-large);padding-left:var(--wp--preset--spacing--xx-large)\">\n<div class=\"wp-block-uagb-slider bank-slider uagb-block-518176ed uagb-slider-container\"><div class=\"uagb-slides uagb-swiper\"><div class=\"swiper-wrapper\">\n<div class=\"wp-block-uagb-slider-child uagb-slider-child-wrap swiper-slide uagb-block-85609f2e\"><div class=\"swiper-content\">\n<div class=\"wp-block-group is-vertical is-layout-flex wp-container-core-group-is-layout-c9e940fb wp-block-group-is-layout-flex\">\n<p class=\"has-primary-color has-text-color has-link-color wp-elements-69da154bec71750f8acaaa149bccb6ee\" style=\"font-size:clamp(0.929rem, 0.929rem + ((1vw - 0.2rem) * 0.571), 1.4rem);line-height:1.2\">\u2013 Service-Level<\/p>\n\n\n\n<h2 class=\"wp-block-heading has-primary-color has-text-color has-link-color wp-elements-4ed37d30862f50c6b76205b7b2f35d60\" style=\"margin-top:0px;margin-bottom:0px;padding-top:0px;padding-bottom:0px;font-size:clamp(1.976rem, 1.976rem + ((1vw - 0.2rem) * 1.847), 3.5rem);line-height:1.1\">Vollservice<\/h2>\n\n\n\n<div style=\"height:0px\" aria-hidden=\"true\" class=\"wp-block-spacer wp-container-content-40d3884b\"><\/div>\n\n\n\n<p class=\"textcolumns has-primary-color has-text-color has-link-color wp-elements-b18c695d910c255b16fb871a64b7733e\">Unser vollautomatisierter R\u00fcckforderungsprozess f\u00fcr Lebensversicherungen wird im Vollservice-Modus angeboten und erfordert minimalen Aufwand seitens der Versicherung. Wir k\u00fcmmern uns um den Erhalt aller notwendigen Dokumente und Belege und verarbeiten diese. Nach erfolgreichem Abschluss des Prozesses und Erhalt der R\u00fcckerstattungen unterst\u00fctzt Furado die Versicherung bei der Zuordnung der Betr\u00e4ge zu den Policenkonten.<\/p>\n<\/div>\n<\/div><\/div>\n<\/div><\/div><\/div>\n<\/section>\n\n\n\n<section class=\"wp-block-group oneleft sixty has-base-color has-base-background-color has-text-color has-background has-link-color wp-elements-c1daf99993a54a9306f5530592189673 has-global-padding is-content-justification-left is-layout-constrained wp-container-core-group-is-layout-90d6589b wp-block-group-is-layout-constrained\" style=\"padding-top:0;padding-right:0;padding-bottom:var(--wp--preset--spacing--x-large);padding-left:var(--wp--preset--spacing--xx-large)\">\n<p class=\"spectra-popup-trigger-1832 has-primary-color has-text-color has-link-color wp-elements-ff3046b6b5c37e56b8ef4d5d85fd4b51 translation-block\" style=\"font-size:clamp(0.929rem, 0.929rem + ((1vw - 0.2rem) * 0.571), 1.4rem);\">M\u00f6chten Sie mehr \u00fcber den Prozess erfahren und eine anonymisierte Fallstudie f\u00fcr Lebensversicherungen erhalten?<br><strong>Kontaktieren Sie uns<\/strong> f\u00fcr weitere Informationen.<\/p>\n<\/section>\n\n\n\n<section class=\"wp-block-group oneleft sixty has-base-color has-base-background-color has-text-color has-background has-link-color wp-elements-3c4814acb2140ff75d4a7d6f44d3870d has-global-padding is-content-justification-left is-layout-constrained wp-container-core-group-is-layout-7f43687f wp-block-group-is-layout-constrained\" style=\"padding-top:0;padding-right:var(--wp--preset--spacing--xx-large);padding-bottom:var(--wp--preset--spacing--medium);padding-left:var(--wp--preset--spacing--xx-large)\">\n<h2 class=\"wp-block-heading animated fadeInUp\" style=\"font-size:clamp(1.976rem, 1.976rem + ((1vw - 0.2rem) * 1.847), 3.5rem);line-height:1.1\">Warum Furado?<\/h2>\n<\/section>\n\n\n\n<section class=\"wp-block-group alignfull homeslider blackwide is-layout-flow wp-container-core-group-is-layout-501b07f6 wp-block-group-is-layout-flow\" style=\"padding-right:0;padding-bottom:var(--wp--preset--spacing--large);padding-left:0px\">\n<div class=\"wp-block-uagb-slider bank-slider uagb-block-04dbfa82 uagb-slider-container\"><div class=\"uagb-slides uagb-swiper\"><div class=\"swiper-wrapper\">\n<div class=\"wp-block-uagb-slider-child uagb-slider-child-wrap swiper-slide uagb-block-87aa5edc\"><div class=\"swiper-content\">\n<div class=\"wp-block-group is-vertical is-layout-flex wp-container-core-group-is-layout-41d1bbe6 wp-block-group-is-layout-flex\" style=\"padding-bottom:var(--wp--preset--spacing--large)\">\n<p class=\"has-base-color has-text-color has-link-color wp-elements-02995110c881dd22b736ceaf9180b935\">\u2013 Fehlerfreie Ausf\u00fchrung<\/p>\n\n\n\n<h3 class=\"wp-block-heading has-base-color has-text-color has-link-color wp-elements-e76148b8ff749fa2548ba8f323c0a200\" style=\"margin-top:0px;margin-bottom:0px;padding-top:0px;padding-bottom:0px;font-size:clamp(1.976rem, 1.976rem + ((1vw - 0.2rem) * 1.847), 3.5rem);line-height:1.1\">Unser vollautomatisierter End-to-End R\u00fcckforderungsprozess garantiert eine erstklassige Ausf\u00fchrung und fehlerfreie Resultate, sodass Ihre Kundinnen und Kunden stets optimale Ergebnisse erzielen.<\/h3>\n<\/div>\n<\/div><\/div>\n\n\n\n<div class=\"wp-block-uagb-slider-child uagb-slider-child-wrap swiper-slide uagb-block-c73f0530\"><div class=\"swiper-content\">\n<div class=\"wp-block-group is-vertical is-layout-flex wp-container-core-group-is-layout-41d1bbe6 wp-block-group-is-layout-flex\" style=\"padding-bottom:var(--wp--preset--spacing--large)\">\n<p class=\"has-base-color has-text-color has-link-color wp-elements-b4c3e7b3fb17b5cd38560127d71271c4\">\u2013 Komplexit\u00e4tsreduktion<\/p>\n\n\n\n<h3 class=\"wp-block-heading has-base-color has-text-color has-link-color wp-elements-9abd735c6807ad50e97a2227f1f42c71\" style=\"margin-top:0px;margin-bottom:0px;padding-top:0px;padding-bottom:0px;font-size:clamp(1.976rem, 1.976rem + ((1vw - 0.2rem) * 1.847), 3.5rem);line-height:1.1\">Unsere innovative Softwarel\u00f6sung erm\u00f6glicht einen vollautomatisierten End-to-End-R\u00fcckforderungsprozess, der alle wesentlichen Prozessschritte digitalisiert abwickelt.<\/h3>\n<\/div>\n<\/div><\/div>\n\n\n\n<div class=\"wp-block-uagb-slider-child uagb-slider-child-wrap swiper-slide uagb-block-4e030541\"><div class=\"swiper-content\">\n<div class=\"wp-block-group is-vertical is-layout-flex wp-container-core-group-is-layout-41d1bbe6 wp-block-group-is-layout-flex\" style=\"padding-bottom:var(--wp--preset--spacing--large)\">\n<p class=\"has-base-color has-text-color has-link-color wp-elements-e8b884fe8daa94c9d0152178d1eb9dbd\">\u2013 Breite Kundenabdeckung<\/p>\n\n\n\n<h3 class=\"wp-block-heading has-base-color has-text-color has-link-color wp-elements-f8f71f38e1aa560343476dd7d219ac7c\" style=\"margin-top:0px;margin-bottom:0px;padding-top:0px;padding-bottom:0px;font-size:clamp(1.976rem, 1.976rem + ((1vw - 0.2rem) * 1.847), 3.5rem);line-height:1.1\">Neben unserer umfassenden Abdeckung der europ\u00e4ischen Investitionsm\u00e4rkte garantieren wir einen effizienten Prozess f\u00fcr alle relevanten Kundentypen.<\/h3>\n<\/div>\n<\/div><\/div>\n<\/div><\/div><div class=\"swiper-pagination\"><\/div><\/div>\n<\/section>\n\n\n\n<section class=\"wp-block-group sixty has-global-padding is-content-justification-left is-layout-constrained wp-container-core-group-is-layout-8531ebe2 wp-block-group-is-layout-constrained\" style=\"padding-top:var(--wp--preset--spacing--xx-large);padding-right:0;padding-bottom:var(--wp--preset--spacing--xx-large);padding-left:0\">\n<div class=\"wp-block-group is-layout-flow wp-block-group-is-layout-flow\" style=\"padding-top:0px;padding-right:0px;padding-bottom:0px;padding-left:0px\">\n<h2 class=\"wp-block-heading\" style=\"font-size:clamp(1.976rem, 1.976rem + ((1vw - 0.2rem) * 1.847), 3.5rem);line-height:1.1\">Erfahren Sie mehr \u00fcber unsere vollautomatisierten L\u00f6sungen f\u00fcr Versicherungen<\/h2>\n\n\n\n<div class=\"wp-block-buttons is-layout-flex wp-block-buttons-is-layout-flex\">\n<div class=\"wp-block-button is-style-outline bwhite spectra-popup-trigger-1832 is-style-outline--2\"><a class=\"wp-block-button__link has-custom-font-size wp-element-button\" style=\"border-radius:25px;font-size:clamp(0.929rem, 0.929rem + ((1vw - 0.2rem) * 0.571), 1.4rem);\">Jetzt Kontakt aufnehmen<\/a><\/div>\n<\/div>\n<\/div>\n<\/section>","protected":false},"excerpt":{"rendered":"<p>Withholding Tax Reclaiming Solutions for Insurance Companies Regardless of the number of custody banks involved, the industry-leading solution of Furado streamlines the withholding tax reclaiming process for life insurance companies across all relevant investment markets. How Does It Work? We manage the entire reclaiming process on behalf of the life insurance company, directly interfacing with [&hellip;]<\/p>\n","protected":false},"author":1,"featured_media":0,"parent":0,"menu_order":0,"comment_status":"closed","ping_status":"closed","template":"page-no-title","meta":{"_seopress_robots_primary_cat":"","_seopress_titles_title":"Insurance Companies | Furado","_seopress_titles_desc":"Effortlessly reclaim withholding tax across all relevant investment markets using our fully automated service, regardless of the number of custody banks involved.","_seopress_robots_index":"","_uag_custom_page_level_css":"","footnotes":""},"class_list":["post-76","page","type-page","status-publish","hentry"],"uagb_featured_image_src":{"full":false,"thumbnail":false,"medium":false,"medium_large":false,"large":false,"1536x1536":false,"2048x2048":false,"trp-custom-language-flag":false},"uagb_author_info":{"display_name":"frank","author_link":"https:\/\/furado.ch\/de\/author\/frank\/"},"uagb_comment_info":0,"uagb_excerpt":"Withholding Tax Reclaiming Solutions for Insurance Companies Regardless of the number of custody banks involved, the industry-leading solution of Furado streamlines the withholding tax reclaiming process for life insurance companies across all relevant investment markets. How Does It Work? We manage the entire reclaiming process on behalf of the life insurance company, directly interfacing with&hellip;","_links":{"self":[{"href":"https:\/\/furado.ch\/de\/wp-json\/wp\/v2\/pages\/76","targetHints":{"allow":["GET"]}}],"collection":[{"href":"https:\/\/furado.ch\/de\/wp-json\/wp\/v2\/pages"}],"about":[{"href":"https:\/\/furado.ch\/de\/wp-json\/wp\/v2\/types\/page"}],"author":[{"embeddable":true,"href":"https:\/\/furado.ch\/de\/wp-json\/wp\/v2\/users\/1"}],"replies":[{"embeddable":true,"href":"https:\/\/furado.ch\/de\/wp-json\/wp\/v2\/comments?post=76"}],"version-history":[{"count":163,"href":"https:\/\/furado.ch\/de\/wp-json\/wp\/v2\/pages\/76\/revisions"}],"predecessor-version":[{"id":3832,"href":"https:\/\/furado.ch\/de\/wp-json\/wp\/v2\/pages\/76\/revisions\/3832"}],"wp:attachment":[{"href":"https:\/\/furado.ch\/de\/wp-json\/wp\/v2\/media?parent=76"}],"curies":[{"name":"wp","href":"https:\/\/api.w.org\/{rel}","templated":true}]}}