{"id":84,"date":"2024-07-31T15:35:56","date_gmt":"2024-07-31T13:35:56","guid":{"rendered":"https:\/\/new.furado.ch\/?page_id=84"},"modified":"2025-05-22T10:40:46","modified_gmt":"2025-05-22T08:40:46","slug":"faq","status":"publish","type":"page","link":"https:\/\/furado.ch\/de\/faq\/","title":{"rendered":"FAQ"},"content":{"rendered":"<section class=\"wp-block-group sixty text-hero has-global-padding is-content-justification-left is-layout-constrained wp-container-core-group-is-layout-8531ebe2 wp-block-group-is-layout-constrained\" style=\"padding-top:var(--wp--preset--spacing--xx-large);padding-right:0;padding-bottom:var(--wp--preset--spacing--xx-large);padding-left:0\">\n<div class=\"wp-block-group is-layout-flow wp-block-group-is-layout-flow\" style=\"padding-top:0px;padding-right:0px;padding-bottom:0px;padding-left:0px\">\n<h1 class=\"wp-block-heading animated fadeInUp\" style=\"font-size:clamp(1.976rem, 1.976rem + ((1vw - 0.2rem) * 1.847), 3.5rem);line-height:1.1\">H\u00e4ufig gestellte Fragen<\/h1>\n\n\n\n<p>Willkommen im FAQ-Bereich von Furado! Hier haben wir die Antworten auf die h\u00e4ufigsten Fragen zu unseren automatisierten R\u00fcckforderungsdiensten f\u00fcr Quellensteuern zusammengestellt. Ob Sie bereits Teil unserer Kundschaft sind oder Interesse an unseren Dienstleistungen haben, hier finden Sie hilfreiche Informationen, wie wir Sie unterst\u00fctzen k\u00f6nnen. Bei weiteren Fragen kontaktieren Sie uns gerne direkt.<br><\/p>\n\n\n\n<div class=\"wp-block-buttons is-layout-flex wp-block-buttons-is-layout-flex\">\n<div class=\"wp-block-button is-style-outline bwhite spectra-popup-trigger-1832 is-style-outline--1\"><a class=\"wp-block-button__link has-custom-font-size wp-element-button\" style=\"border-radius:25px;font-size:clamp(0.929rem, 0.929rem + ((1vw - 0.2rem) * 0.571), 1.4rem);\">Jetzt Kontakt aufnehmen<\/a><\/div>\n<\/div>\n<\/div>\n<\/section>\n\n\n\n<section class=\"wp-block-group has-global-padding is-layout-constrained wp-block-group-is-layout-constrained\">\n<div class=\"wp-block-columns is-layout-flex wp-container-core-columns-is-layout-fdf2111e wp-block-columns-is-layout-flex\">\n<div class=\"wp-block-column is-layout-flow wp-block-column-is-layout-flow\">\n<div class=\"wp-block-group has-global-padding is-layout-constrained wp-container-core-group-is-layout-f20af0cb wp-block-group-is-layout-constrained\" style=\"border-top-color:var(--wp--preset--color--primary);border-top-width:1px;border-right-style:none;border-right-width:0px;border-bottom-style:none;border-bottom-width:0px;border-left-style:none;border-left-width:0px;padding-top:var(--wp--preset--spacing--medium);padding-bottom:0\">\n<p><strong>F\u00fcr welche Kundentypen kann Furado Antr\u00e4ge auf R\u00fcckforderung von Quellensteuern bearbeiten?<\/strong><\/p>\n\n\n\n<p>Wir k\u00f6nnen Antr\u00e4ge auf Quellensteuerr\u00fcckforderungen f\u00fcr folgende Kundentypen bearbeiten: nat\u00fcrliche Personen, juristische Personen, Niessbrauchberechtigte, Erben\/Erbengemeinschaften, Einzelunternehmen, Personengesellschaften, gemeinn\u00fctzige Stiftungen und Treuhandstrukturen.<\/p>\n<\/div>\n\n\n\n<div class=\"wp-block-group has-global-padding is-layout-constrained wp-container-core-group-is-layout-f20af0cb wp-block-group-is-layout-constrained\" style=\"border-top-color:var(--wp--preset--color--primary);border-top-width:1px;border-right-style:none;border-right-width:0px;border-bottom-style:none;border-bottom-width:0px;border-left-style:none;border-left-width:0px;padding-top:var(--wp--preset--spacing--medium);padding-bottom:0\">\n<p><strong>Was muss ich als Endkundin oder Endkunde tun?<\/strong><\/p>\n\n\n\n<p>Sind Sie Endkunde oder -kundin, so \u00fcbernehmen wir s\u00e4mtliche Aufgaben, sobald Sie die \u201eFurado-Vollmacht\u201c und das Mandat unterzeichnet haben.<\/p>\n<\/div>\n\n\n\n<div class=\"wp-block-group has-global-padding is-layout-constrained wp-container-core-group-is-layout-f20af0cb wp-block-group-is-layout-constrained\" style=\"border-top-color:var(--wp--preset--color--primary);border-top-width:1px;border-right-style:none;border-right-width:0px;border-bottom-style:none;border-bottom-width:0px;border-left-style:none;border-left-width:0px;padding-top:var(--wp--preset--spacing--medium);padding-bottom:0\">\n<p><strong>Kann ich Quellensteuern f\u00fcr all meine Bankverbindungen zur\u00fcckfordern?<\/strong><\/p>\n\n\n\n<p>Ja, das k\u00f6nnen Sie. Eine Ihrer Banken muss jedoch eine vertragliche Beziehung mit uns haben.<\/p>\n<\/div>\n\n\n\n<div class=\"wp-block-group has-global-padding is-layout-constrained wp-container-core-group-is-layout-61d72357 wp-block-group-is-layout-constrained\" style=\"border-top-color:var(--wp--preset--color--primary);border-top-width:1px;border-right-style:none;border-right-width:0px;border-bottom-color:var(--wp--preset--color--primary);border-bottom-width:1px;border-left-style:none;border-left-width:0px;padding-top:var(--wp--preset--spacing--medium);padding-bottom:var(--wp--preset--spacing--medium)\">\n<p><strong>Warum kann ich keine Quellensteuern aus den USA zur\u00fcckfordern?<\/strong><\/p>\n\n\n\n<p>Die R\u00fcckforderung von Quellensteuern aus den USA ist in der Regel aufgrund der spezifischen Steuerregelungen und Abkommen des Landes nicht m\u00f6glich. Bitte kontaktieren Sie Ihre Bank, um mehr \u00fcber US-Steuern zu erfahren.<\/p>\n<\/div>\n<\/div>\n\n\n\n<div class=\"wp-block-column is-layout-flow wp-block-column-is-layout-flow\">\n<div class=\"wp-block-group faqcollapse has-global-padding is-layout-constrained wp-container-core-group-is-layout-f20af0cb wp-block-group-is-layout-constrained\" style=\"border-top-color:var(--wp--preset--color--primary);border-top-width:1px;border-right-style:none;border-right-width:0px;border-bottom-style:none;border-bottom-width:0px;border-left-style:none;border-left-width:0px;padding-top:var(--wp--preset--spacing--medium);padding-bottom:0\">\n<p><strong>Betreibt Furado ein B2C-Gesch\u00e4ft?<\/strong><\/p>\n\n\n\n<p>Nein, wir sind ein B2B-Unternehmen. Wenn Sie an den Dienstleistungen von Furado interessiert sind, wenden Sie sich bitte an Ihre Bank, Ihre Lebensversicherung oder Ihren Verm\u00f6gensverwalter.<\/p>\n<\/div>\n\n\n\n<div class=\"wp-block-group has-global-padding is-layout-constrained wp-container-core-group-is-layout-f20af0cb wp-block-group-is-layout-constrained\" style=\"border-top-color:var(--wp--preset--color--primary);border-top-width:1px;border-right-style:none;border-right-width:0px;border-bottom-style:none;border-bottom-width:0px;border-left-style:none;border-left-width:0px;padding-top:var(--wp--preset--spacing--medium);padding-bottom:0\">\n<p><strong>Ich bin eine Bank und m\u00f6chte Sie f\u00fcr diesen Service beauftragen. Was kostet das und warum sollte ich mich f\u00fcr Furado entscheiden?<\/strong><\/p>\n\n\n\n<p>Wir werden Ihnen alle relevanten Details pr\u00e4sentieren und Ihnen helfen, das richtige Service-Modell auszuw\u00e4hlen. Bitte kontaktieren Sie uns.<\/p>\n<\/div>\n\n\n\n<div class=\"wp-block-group has-global-padding is-layout-constrained wp-container-core-group-is-layout-61d72357 wp-block-group-is-layout-constrained\" style=\"border-top-color:var(--wp--preset--color--primary);border-top-width:1px;border-right-style:none;border-right-width:0px;border-bottom-color:var(--wp--preset--color--primary);border-bottom-width:1px;border-left-style:none;border-left-width:0px;padding-top:var(--wp--preset--spacing--medium);padding-bottom:var(--wp--preset--spacing--medium)\">\n<p><strong>Ich bin eine Versicherung. K\u00f6nnen wir nicht einfach alle unsere Banken bitten, die Steuern in unserem Namen zur\u00fcckzufordern?<\/strong><\/p>\n\n\n\n<p>Selbstverst\u00e4ndlich. Bitte bedenken Sie jedoch, dass Sie sicherstellen sollten, dass tats\u00e4chlich alle Banken diese Dienstleistung anbieten und auch durchf\u00fchren. Regelm\u00e4ssig verlangt Ihr Regulator, dass Sie den Prozess steuern und die Leistungserbringung Ihrer Banken kontrollieren, so dass alle Policen in den Genuss der R\u00fcckforderung kommen.<\/p>\n<\/div>\n<\/div>\n<\/div>\n<\/section>\n\n\n\n<section class=\"wp-block-group sixty has-global-padding is-content-justification-left is-layout-constrained wp-container-core-group-is-layout-8531ebe2 wp-block-group-is-layout-constrained\" style=\"padding-top:var(--wp--preset--spacing--xx-large);padding-right:0;padding-bottom:var(--wp--preset--spacing--xx-large);padding-left:0\">\n<div class=\"wp-block-group is-layout-flow wp-block-group-is-layout-flow\" style=\"padding-top:0px;padding-right:0px;padding-bottom:0px;padding-left:0px\">\n<h2 class=\"wp-block-heading animated fadeInUp\" style=\"font-size:clamp(1.976rem, 1.976rem + ((1vw - 0.2rem) * 1.847), 3.5rem);line-height:1.1\">Haben Sie noch weitere Fragen?<\/h2>\n\n\n\n<p>Wenn Sie die gesuchte Antwort nicht gefunden haben oder bei weiteren Fragen z\u00f6gern Sie bitte nicht, uns zu kontaktieren. Unser Team hilft Ihnen gerne.<\/p>\n\n\n\n<div class=\"wp-block-buttons is-layout-flex wp-block-buttons-is-layout-flex\">\n<div class=\"wp-block-button is-style-outline bwhite spectra-popup-trigger-1832 is-style-outline--2\"><a class=\"wp-block-button__link has-custom-font-size wp-element-button\" style=\"border-radius:25px;font-size:clamp(0.929rem, 0.929rem + ((1vw - 0.2rem) * 0.571), 1.4rem);\">Jetzt Kontakt aufnehmen<\/a><\/div>\n<\/div>\n<\/div>\n<\/section>","protected":false},"excerpt":{"rendered":"<p>Frequently Asked Questions Welcome to Furado\u2019s FAQ section! Here, we have compiled answers to the most common questions about our automated withholding tax reclaiming services. Whether you\u2019re a current client or considering our services, you\u2019ll find valuable information to help you understand how we can assist you. If you have any further questions, feel free [&hellip;]<\/p>\n","protected":false},"author":1,"featured_media":0,"parent":0,"menu_order":0,"comment_status":"closed","ping_status":"closed","template":"page-no-title","meta":{"_seopress_robots_primary_cat":"","_seopress_titles_title":"FAQ | Furado","_seopress_titles_desc":"Find answers to common questions about Furado's automated withholding tax reclaim solutions in our FAQ section. Get the info you need, quickly and easyily.","_seopress_robots_index":"","_uag_custom_page_level_css":"","footnotes":""},"class_list":["post-84","page","type-page","status-publish","hentry"],"uagb_featured_image_src":{"full":false,"thumbnail":false,"medium":false,"medium_large":false,"large":false,"1536x1536":false,"2048x2048":false,"trp-custom-language-flag":false},"uagb_author_info":{"display_name":"frank","author_link":"https:\/\/furado.ch\/de\/author\/frank\/"},"uagb_comment_info":0,"uagb_excerpt":"Frequently Asked Questions Welcome to Furado\u2019s FAQ section! Here, we have compiled answers to the most common questions about our automated withholding tax reclaiming services. Whether you\u2019re a current client or considering our services, you\u2019ll find valuable information to help you understand how we can assist you. If you have any further questions, feel free&hellip;","_links":{"self":[{"href":"https:\/\/furado.ch\/de\/wp-json\/wp\/v2\/pages\/84","targetHints":{"allow":["GET"]}}],"collection":[{"href":"https:\/\/furado.ch\/de\/wp-json\/wp\/v2\/pages"}],"about":[{"href":"https:\/\/furado.ch\/de\/wp-json\/wp\/v2\/types\/page"}],"author":[{"embeddable":true,"href":"https:\/\/furado.ch\/de\/wp-json\/wp\/v2\/users\/1"}],"replies":[{"embeddable":true,"href":"https:\/\/furado.ch\/de\/wp-json\/wp\/v2\/comments?post=84"}],"version-history":[{"count":67,"href":"https:\/\/furado.ch\/de\/wp-json\/wp\/v2\/pages\/84\/revisions"}],"predecessor-version":[{"id":3836,"href":"https:\/\/furado.ch\/de\/wp-json\/wp\/v2\/pages\/84\/revisions\/3836"}],"wp:attachment":[{"href":"https:\/\/furado.ch\/de\/wp-json\/wp\/v2\/media?parent=84"}],"curies":[{"name":"wp","href":"https:\/\/api.w.org\/{rel}","templated":true}]}}