{"id":3711,"date":"2025-03-28T15:42:25","date_gmt":"2025-03-28T14:42:25","guid":{"rendered":"https:\/\/furado.ch\/?page_id=3711"},"modified":"2025-05-22T10:16:37","modified_gmt":"2025-05-22T08:16:37","slug":"home","status":"publish","type":"page","link":"https:\/\/furado.ch\/fr\/","title":{"rendered":"Home"},"content":{"rendered":"<section class=\"wp-block-group homehero is-layout-flow wp-block-group-is-layout-flow\">\n<div class=\"wp-block-uagb-slider hero-home uagb-block-8f32fb38 uagb-slider-container\"><div class=\"uagb-slides uagb-swiper\"><div class=\"swiper-wrapper\">\n<div class=\"wp-block-uagb-slider-child uagb-slider-child-wrap swiper-slide uagb-block-5ed6f634\"><div class=\"swiper-content\">\n<div class=\"wp-block-group is-layout-flex wp-block-group-is-layout-flex\">\n<figure class=\"wp-block-image size-full is-resized wp-container-content-958eb9dc\"><img loading=\"lazy\" decoding=\"async\" width=\"1600\" height=\"1225\" src=\"https:\/\/furado.ch\/site\/wp-content\/uploads\/sloth.webp\" alt=\"\" class=\"wp-image-1517\" style=\"width:auto;height:800px\" srcset=\"https:\/\/furado.ch\/site\/wp-content\/uploads\/sloth.webp 1600w, https:\/\/furado.ch\/site\/wp-content\/uploads\/sloth-300x230.webp 300w, https:\/\/furado.ch\/site\/wp-content\/uploads\/sloth-1024x784.webp 1024w, https:\/\/furado.ch\/site\/wp-content\/uploads\/sloth-768x588.webp 768w, https:\/\/furado.ch\/site\/wp-content\/uploads\/sloth-1536x1176.webp 1536w\" sizes=\"auto, (max-width: 1600px) 100vw, 1600px\" \/><\/figure>\n\n\n\n<div class=\"wp-block-group bbox has-base-color has-primary-background-color has-text-color has-background has-link-color wp-elements-9198a3ead036a0b38f52403d8e12da3a wp-container-content-90d19858 is-vertical is-layout-flex wp-container-core-group-is-layout-4a189669 wp-block-group-is-layout-flex\" style=\"padding-top:var(--wp--preset--spacing--large);padding-right:var(--wp--preset--spacing--large);padding-bottom:var(--wp--preset--spacing--large);padding-left:var(--wp--preset--spacing--large)\">\n<h2 class=\"wp-block-heading has-base-color has-text-color has-link-color has-large-font-size wp-elements-8c7d127b966d26377c21738a7697bce5\" style=\"margin-top:0px;margin-bottom:0px;padding-top:0px;padding-bottom:0px;line-height:1.1\">Lorsqu'il s'agit de r\u00e9cup\u00e9rer les retenues \u00e0 la source...<\/h2>\n\n\n\n<p class=\"has-base-color has-text-color has-link-color wp-elements-a9571e83e95986a6a9e2d9f93d4e08cf\" style=\"font-size:clamp(0.929rem, 0.929rem + ((1vw - 0.2rem) * 0.571), 1.4rem);line-height:1.2\">nous facilitons et fluidifions le processus pour vous et vos clients.<\/p>\n<\/div>\n<\/div>\n<\/div><\/div>\n\n\n\n<div class=\"wp-block-uagb-slider-child uagb-slider-child-wrap swiper-slide uagb-block-072cac9d\"><div class=\"swiper-content\">\n<div class=\"wp-block-group is-layout-flex wp-block-group-is-layout-flex\">\n<figure class=\"wp-block-image size-full is-resized wp-container-content-958eb9dc\"><img loading=\"lazy\" decoding=\"async\" width=\"1605\" height=\"1229\" src=\"https:\/\/furado.ch\/site\/wp-content\/uploads\/robohand.webp\" alt=\"un service enti\u00e8rement automatis\u00e9 de bout en bout\" class=\"wp-image-1512\" style=\"width:auto;height:800px\" srcset=\"https:\/\/furado.ch\/site\/wp-content\/uploads\/robohand.webp 1605w, https:\/\/furado.ch\/site\/wp-content\/uploads\/robohand-300x230.webp 300w, https:\/\/furado.ch\/site\/wp-content\/uploads\/robohand-1024x784.webp 1024w, https:\/\/furado.ch\/site\/wp-content\/uploads\/robohand-768x588.webp 768w, https:\/\/furado.ch\/site\/wp-content\/uploads\/robohand-1536x1176.webp 1536w\" sizes=\"auto, (max-width: 1605px) 100vw, 1605px\" \/><\/figure>\n\n\n\n<div class=\"wp-block-group bbox has-base-color has-primary-background-color has-text-color has-background has-link-color wp-elements-a0b7bd677b90ab1d284a1909c420bea1 wp-container-content-90d19858 is-vertical is-layout-flex wp-container-core-group-is-layout-4a189669 wp-block-group-is-layout-flex\" style=\"padding-top:var(--wp--preset--spacing--large);padding-right:var(--wp--preset--spacing--large);padding-bottom:var(--wp--preset--spacing--large);padding-left:var(--wp--preset--spacing--large)\">\n<h2 class=\"wp-block-heading has-base-color has-text-color has-link-color has-large-font-size wp-elements-8c7d127b966d26377c21738a7697bce5\" style=\"margin-top:0px;margin-bottom:0px;padding-top:0px;padding-bottom:0px;line-height:1.1\">Lorsqu'il s'agit de r\u00e9cup\u00e9rer les retenues \u00e0 la source...<\/h2>\n\n\n\n<p class=\"has-base-color has-text-color has-link-color wp-elements-96ebe7c6bda6b3f445158ff67eeeb240\" style=\"font-size:clamp(0.929rem, 0.929rem + ((1vw - 0.2rem) * 0.571), 1.4rem);line-height:1.2\">nous permettons \u00e0 vos clients de b\u00e9n\u00e9ficier de notre service \u00abend-to-end\u00bb enti\u00e8rement automatis\u00e9.<\/p>\n<\/div>\n<\/div>\n<\/div><\/div>\n\n\n\n<div class=\"wp-block-uagb-slider-child uagb-slider-child-wrap swiper-slide uagb-block-4139ab0a\"><div class=\"swiper-content\">\n<div class=\"wp-block-group is-layout-flex wp-block-group-is-layout-flex\">\n<figure class=\"wp-block-image size-large is-resized wp-container-content-958eb9dc\"><img loading=\"lazy\" decoding=\"async\" width=\"1024\" height=\"784\" src=\"https:\/\/furado.ch\/site\/wp-content\/uploads\/astronaut-1024x784.webp\" alt=\"\" class=\"wp-image-1521\" style=\"width:auto;height:800px\" srcset=\"https:\/\/furado.ch\/site\/wp-content\/uploads\/astronaut-1024x784.webp 1024w, https:\/\/furado.ch\/site\/wp-content\/uploads\/astronaut-300x230.webp 300w, https:\/\/furado.ch\/site\/wp-content\/uploads\/astronaut-768x588.webp 768w, https:\/\/furado.ch\/site\/wp-content\/uploads\/astronaut-1536x1176.webp 1536w, https:\/\/furado.ch\/site\/wp-content\/uploads\/astronaut.webp 1600w\" sizes=\"auto, (max-width: 1024px) 100vw, 1024px\" \/><\/figure>\n\n\n\n<div class=\"wp-block-group bbox has-base-color has-primary-background-color has-text-color has-background has-link-color wp-elements-bcf2f94a09f8f0a47eb3ed1c96a47b20 wp-container-content-90d19858 is-vertical is-layout-flex wp-container-core-group-is-layout-4a189669 wp-block-group-is-layout-flex\" style=\"padding-top:var(--wp--preset--spacing--large);padding-right:var(--wp--preset--spacing--large);padding-bottom:var(--wp--preset--spacing--large);padding-left:var(--wp--preset--spacing--large)\">\n<h2 class=\"wp-block-heading has-base-color has-text-color has-link-color has-large-font-size wp-elements-8c7d127b966d26377c21738a7697bce5\" style=\"margin-top:0px;margin-bottom:0px;padding-top:0px;padding-bottom:0px;line-height:1.1\">Lorsqu'il s'agit de r\u00e9cup\u00e9rer les retenues \u00e0 la source...<\/h2>\n\n\n\n<p class=\"has-base-color has-text-color has-link-color wp-elements-3349238e9d6eaeee2bea9c1683a02d20\" style=\"font-size:clamp(0.929rem, 0.929rem + ((1vw - 0.2rem) * 0.571), 1.4rem);line-height:1.2\">nous prenons en charge vos clients, peu importe o\u00f9 ils se trouvent.<\/p>\n<\/div>\n<\/div>\n<\/div><\/div>\n<\/div><\/div><div class=\"swiper-pagination\"><\/div><\/div>\n<\/section>\n\n\n\n<section class=\"wp-block-group sixty has-global-padding is-content-justification-left is-layout-constrained wp-container-core-group-is-layout-076a8e28 wp-block-group-is-layout-constrained\" style=\"padding-top:var(--wp--preset--spacing--xx-large);padding-right:0;padding-bottom:var(--wp--preset--spacing--xx-large);padding-left:0\">\n<h2 class=\"wp-block-heading animated fadeInUp\" style=\"font-size:clamp(1.976rem, 1.976rem + ((1vw - 0.2rem) * 1.847), 3.5rem);line-height:1.1\">D\u00e9couvrez la technologie de pointe de Furado et changez la donne<\/h2>\n\n\n\n<p style=\"font-size:clamp(0.929rem, 0.929rem + ((1vw - 0.2rem) * 0.571), 1.4rem);\">La complexit\u00e9 des r\u00e9glementations et le manque de standardisation peuvent vite d\u00e9courager quiconque souhaite r\u00e9cup\u00e9rer des retenues \u00e0 la source. De nombreux remboursements ne sont d\u2019ailleurs pas r\u00e9clam\u00e9s. Chez Furado, nous changeons la donne. Notre technologie de pointe g\u00e8re automatiquement le processus \u00abend-to-end\u00bb, r\u00e9duisant le nombre d\u2019interventions manuelles et d\u2019erreurs. Contactez-nous pour r\u00e9cup\u00e9rer, de mani\u00e8re ais\u00e9e et pr\u00e9cise, les taxes de vos clients.<\/p>\n\n\n\n<div class=\"wp-block-buttons is-layout-flex wp-block-buttons-is-layout-flex\">\n<div class=\"wp-block-button is-style-outline bwhite spectra-popup-trigger-1832 is-style-outline--1\"><a class=\"wp-block-button__link has-custom-font-size wp-element-button\" style=\"border-radius:25px;font-size:clamp(0.929rem, 0.929rem + ((1vw - 0.2rem) * 0.571), 1.4rem);\">Commencer<\/a><\/div>\n<\/div>\n<\/section>\n\n\n\n<section class=\"wp-block-group alignfull homeslider blackwide has-base-color has-base-background-color has-text-color has-background has-link-color wp-elements-1b082f887a7ed57bea31663376d11733 is-layout-flow wp-block-group-is-layout-flow\" style=\"padding-top:0;padding-right:0px;padding-bottom:0;padding-left:0px\">\n<div class=\"wp-block-uagb-slider home-black uagb-block-28e8c19b uagb-slider-container\"><div class=\"uagb-slides uagb-swiper\"><div class=\"swiper-wrapper\">\n<div class=\"wp-block-uagb-slider-child uagb-slider-child-wrap swiper-slide uagb-block-bfa3c3af\"><div class=\"swiper-content\">\n<div class=\"wp-block-group is-vertical is-layout-flex wp-container-core-group-is-layout-326640d6 wp-block-group-is-layout-flex\" style=\"padding-bottom:var(--wp--preset--spacing--medium)\">\n<p class=\"has-base-color has-text-color has-link-color wp-elements-c27c7e811ba0b0ee6cac8925fe6999f6\" style=\"font-size:clamp(0.929rem, 0.929rem + ((1vw - 0.2rem) * 0.571), 1.4rem);\">\u2013 Ce qui nous distingue<\/p>\n\n\n\n<h3 class=\"wp-block-heading has-base-color has-text-color has-link-color wp-elements-64246dc0979bba288127aa4c6e9154de\" style=\"margin-top:0px;margin-bottom:0px;padding-top:0px;padding-bottom:0px;font-size:clamp(2.503rem, 2.503rem + ((1vw - 0.2rem) * 2.663), 4.7rem);line-height:1.1\">Adieu, complexit\u00e9. Nous automatisons le processus de r\u00e9cup\u00e9ration des retenues \u00e0 la source selon le principe \u00abend-to-end\u00bb.<\/h3>\n\n\n\n<p class=\"whitelink has-base-color has-text-color has-link-color wp-elements-16348694f79c8aa9c508f801745777e4\" style=\"font-size:clamp(0.929rem, 0.929rem + ((1vw - 0.2rem) * 0.571), 1.4rem);\"><a href=\"\/fr\/a-propos-de-nous\/\" data-type=\"page\" data-id=\"80\">En savoir plus sur nous<\/a><\/p>\n<\/div>\n<\/div><\/div>\n\n\n\n<div class=\"wp-block-uagb-slider-child uagb-slider-child-wrap swiper-slide uagb-block-ce3b8695\"><div class=\"swiper-content\">\n<div class=\"wp-block-group is-vertical is-layout-flex wp-container-core-group-is-layout-326640d6 wp-block-group-is-layout-flex\" style=\"padding-bottom:var(--wp--preset--spacing--medium)\">\n<p class=\"has-base-color has-text-color has-link-color wp-elements-10b24e43e59f01e35c914da3070bb482\" style=\"font-size:clamp(0.929rem, 0.929rem + ((1vw - 0.2rem) * 0.571), 1.4rem);line-height:1.2\">\u2013 Ce qui nous distingue<\/p>\n\n\n\n<h3 class=\"wp-block-heading has-base-color has-text-color has-link-color wp-elements-b8f203e596534386a545f1b318acfdbc\" style=\"margin-top:0px;margin-bottom:0px;padding-top:0px;padding-bottom:0px;font-size:clamp(2.503rem, 2.503rem + ((1vw - 0.2rem) * 2.663), 4.7rem);line-height:1.1\">Avec nos solutions, nous faisons en sorte que les demandes de vos clients soient trait\u00e9es facilement et rapidement.<\/h3>\n\n\n\n<p class=\"whitelink has-base-color has-text-color has-link-color wp-elements-16348694f79c8aa9c508f801745777e4\" style=\"font-size:clamp(0.929rem, 0.929rem + ((1vw - 0.2rem) * 0.571), 1.4rem);\"><a href=\"\/fr\/a-propos-de-nous\/\" data-type=\"page\" data-id=\"80\">En savoir plus sur nous<\/a><\/p>\n<\/div>\n<\/div><\/div>\n\n\n\n<div class=\"wp-block-uagb-slider-child uagb-slider-child-wrap swiper-slide uagb-block-5c33ab2a\"><div class=\"swiper-content\">\n<div class=\"wp-block-group is-vertical is-layout-flex wp-container-core-group-is-layout-326640d6 wp-block-group-is-layout-flex\" style=\"padding-bottom:var(--wp--preset--spacing--medium)\">\n<p class=\"has-base-color has-text-color has-link-color wp-elements-10b24e43e59f01e35c914da3070bb482\" style=\"font-size:clamp(0.929rem, 0.929rem + ((1vw - 0.2rem) * 0.571), 1.4rem);line-height:1.2\">\u2013 Ce qui nous distingue<\/p>\n\n\n\n<h3 class=\"wp-block-heading has-base-color has-text-color has-link-color wp-elements-bbab2002e9c737d8521e2fab32b6bcfb\" style=\"margin-top:0px;margin-bottom:0px;padding-top:0px;padding-bottom:0px;font-size:clamp(2.503rem, 2.503rem + ((1vw - 0.2rem) * 2.663), 4.7rem);line-height:1.1\">Notre produit d\u2019exception permet d'\u00e9viter les erreurs et de garantir des r\u00e9sultats optimaux. \u00c0 tous les coups.<\/h3>\n\n\n\n<p class=\"whitelink has-base-color has-text-color has-link-color wp-elements-16348694f79c8aa9c508f801745777e4\" style=\"font-size:clamp(0.929rem, 0.929rem + ((1vw - 0.2rem) * 0.571), 1.4rem);\"><a href=\"\/fr\/a-propos-de-nous\/\" data-type=\"page\" data-id=\"80\">En savoir plus sur nous<\/a><\/p>\n<\/div>\n<\/div><\/div>\n\n\n\n<div class=\"wp-block-uagb-slider-child uagb-slider-child-wrap swiper-slide uagb-block-817591d4\"><div class=\"swiper-content\">\n<div class=\"wp-block-group is-vertical is-layout-flex wp-container-core-group-is-layout-326640d6 wp-block-group-is-layout-flex\" style=\"padding-bottom:var(--wp--preset--spacing--medium)\">\n<p class=\"has-base-color has-text-color has-link-color wp-elements-10b24e43e59f01e35c914da3070bb482\" style=\"font-size:clamp(0.929rem, 0.929rem + ((1vw - 0.2rem) * 0.571), 1.4rem);line-height:1.2\">\u2013 Ce qui nous distingue<\/p>\n\n\n\n<h3 class=\"wp-block-heading has-base-color has-text-color has-link-color wp-elements-ad647ceb0554ba01060e6af9b55440bc\" style=\"margin-top:0px;margin-bottom:0px;padding-top:0px;padding-bottom:0px;font-size:clamp(2.503rem, 2.503rem + ((1vw - 0.2rem) * 2.663), 4.7rem);line-height:1.1\">Nous avons trouv\u00e9 l\u2019\u00e9quilibre parfait entre prix attractifs et service de pointe.<\/h3>\n\n\n\n<p class=\"whitelink has-base-color has-text-color has-link-color wp-elements-16348694f79c8aa9c508f801745777e4\" style=\"font-size:clamp(0.929rem, 0.929rem + ((1vw - 0.2rem) * 0.571), 1.4rem);\"><a href=\"\/fr\/a-propos-de-nous\/\" data-type=\"page\" data-id=\"80\">En savoir plus sur nous<\/a><\/p>\n<\/div>\n<\/div><\/div>\n<\/div><\/div><div class=\"swiper-pagination\"><\/div><\/div>\n<\/section>\n\n\n\n<section class=\"wp-block-group alignfull whitewide has-global-padding is-layout-constrained wp-container-core-group-is-layout-fa8c0dd9 wp-block-group-is-layout-constrained\" style=\"margin-top:0px;margin-bottom:0px;padding-top:0;padding-right:0px;padding-bottom:var(--wp--preset--spacing--small);padding-left:24px\">\n<div class=\"wp-block-columns alignfull is-layout-flex wp-container-core-columns-is-layout-d953b63b wp-block-columns-is-layout-flex\" style=\"margin-top:0px;margin-bottom:0px;padding-top:0px;padding-right:0px;padding-bottom:0px;padding-left:0px\">\n<div class=\"wp-block-column is-vertically-aligned-center is-layout-flow wp-block-column-is-layout-flow\" style=\"flex-basis:30%\">\n<div class=\"wp-block-group globalintro is-layout-flow wp-block-group-is-layout-flow\">\n<h3 class=\"wp-block-heading alignwide animated fadeInUp\" style=\"font-size:clamp(1.976rem, 1.976rem + ((1vw - 0.2rem) * 1.847), 3.5rem);line-height:1.1\">Nous nous trouvons l\u00e0 o\u00f9 sont vos clients<\/h3>\n\n\n\n<p style=\"font-size:clamp(0.929rem, 0.929rem + ((1vw - 0.2rem) * 0.571), 1.4rem);line-height:1.2\">Servant des clients finaux dans le monde entier, Furado se distingue par une couverture de march\u00e9 compl\u00e8te pour une large gamme de structures ax\u00e9es sur les clients.<\/p>\n<\/div>\n<\/div>\n\n\n\n<div class=\"wp-block-column is-vertically-aligned-center globecontainer is-layout-flow wp-container-core-column-is-layout-96dfdac3 wp-block-column-is-layout-flow\" style=\"padding-top:0px;padding-bottom:0px;flex-basis:70%\">\n<div class=\"wp-block-group globanim is-layout-flow wp-block-group-is-layout-flow\">\n<script async src=\"https:\/\/furado.ch\/site\/wp-content\/plugins\/furado-globe\/furado-globe.loader.js?v16\"><\/script>\n<\/div>\n<\/div>\n<\/div>\n<\/section>\n\n\n\n<section class=\"wp-block-group sixty has-global-padding is-content-justification-left is-layout-constrained wp-container-core-group-is-layout-d34c7f11 wp-block-group-is-layout-constrained\" style=\"padding-top:0;padding-right:0;padding-bottom:var(--wp--preset--spacing--xx-large);padding-left:0\">\n<div class=\"wp-block-group has-global-padding is-content-justification-left is-layout-constrained wp-container-core-group-is-layout-9fd09aa3 wp-block-group-is-layout-constrained\" style=\"padding-top:0px;padding-right:0px;padding-bottom:0px;padding-left:0px\">\n<p>\u2013 Nos solutions<\/p>\n\n\n\n<h3 class=\"wp-block-heading animated fadeInUp\" style=\"font-size:clamp(1.976rem, 1.976rem + ((1vw - 0.2rem) * 1.847), 3.5rem);line-height:1.1\">Solutions de r\u00e9cup\u00e9ration adapt\u00e9es aux besoins de vos clients<\/h3>\n\n\n\n<p style=\"font-size:clamp(0.929rem, 0.929rem + ((1vw - 0.2rem) * 0.571), 1.4rem);\">Notre service complet est synonyme d\u2019efficacit\u00e9 et de pr\u00e9cision. Les institutions financi\u00e8res peuvent ainsi simplifier la r\u00e9cup\u00e9ration de retenues \u00e0 la source et am\u00e9liorer la satisfaction des clients. Explorez nos solutions con\u00e7ues pour votre secteur:<\/p>\n<\/div>\n\n\n\n<div class=\"wp-block-group serviceslist has-global-padding is-layout-constrained wp-container-core-group-is-layout-e555385e wp-block-group-is-layout-constrained\">\n<div class=\"wp-block-group is-content-justification-space-between is-nowrap is-layout-flex wp-container-core-group-is-layout-cd88e80c wp-block-group-is-layout-flex\" style=\"border-top-color:var(--wp--preset--color--primary);border-top-width:1px;border-right-style:none;border-right-width:0px;border-bottom-style:none;border-bottom-width:0px;border-left-style:none;border-left-width:0px;padding-top:var(--wp--preset--spacing--medium);padding-bottom:var(--wp--preset--spacing--medium)\">\n<div class=\"wp-block-group is-nowrap is-layout-flex wp-container-core-group-is-layout-1b11d160 wp-block-group-is-layout-flex\" style=\"min-height:1.5rem\">\n<figure class=\"wp-block-image size-full visualicon\"><img decoding=\"async\" src=\"https:\/\/furado.ch\/site\/wp-content\/uploads\/landmark.svg\" alt=\"Banques\" class=\"wp-image-957\"\/><\/figure>\n\n\n\n<p style=\"font-size:clamp(1.146rem, 1.146rem + ((1vw - 0.2rem) * 0.793), 1.8rem);font-style:normal;font-weight:800;line-height:1.5\"><a href=\"\/fr\/banques\/\">Services pour les banques<\/a><\/p>\n<\/div>\n\n\n\n<figure class=\"wp-block-image size-full has-custom-border is-style-default arrow\"><a href=\"\/fr\/banques\/\"><img decoding=\"async\" src=\"https:\/\/furado.ch\/site\/wp-content\/uploads\/arrow-right.svg\" alt=\"pfeil rechts\" class=\"has-border-color has-primary-border-color wp-image-975\" style=\"border-width:2px;border-radius:50%;object-fit:contain\"\/><\/a><\/figure>\n<\/div>\n\n\n\n<div class=\"wp-block-group is-content-justification-space-between is-nowrap is-layout-flex wp-container-core-group-is-layout-cd88e80c wp-block-group-is-layout-flex\" style=\"border-top-color:var(--wp--preset--color--primary);border-top-width:1px;border-right-style:none;border-right-width:0px;border-bottom-style:none;border-bottom-width:0px;border-left-style:none;border-left-width:0px;padding-top:var(--wp--preset--spacing--medium);padding-bottom:var(--wp--preset--spacing--medium)\">\n<div class=\"wp-block-group is-nowrap is-layout-flex wp-container-core-group-is-layout-1b11d160 wp-block-group-is-layout-flex\">\n<figure class=\"wp-block-image size-full visualicon\"><img decoding=\"async\" src=\"https:\/\/furado.ch\/site\/wp-content\/uploads\/shield-half.svg\" alt=\"\" class=\"wp-image-958\"\/><\/figure>\n\n\n\n<p style=\"font-size:clamp(1.146rem, 1.146rem + ((1vw - 0.2rem) * 0.793), 1.8rem);font-style:normal;font-weight:800;line-height:1.5\"><a href=\"\/fr\/les-compagnies-dassurance\/\">Services pour les assurances<\/a><\/p>\n<\/div>\n\n\n\n<figure class=\"wp-block-image size-full has-custom-border is-style-default arrow\"><a href=\"\/fr\/les-compagnies-dassurance\/\"><img decoding=\"async\" src=\"https:\/\/furado.ch\/site\/wp-content\/uploads\/arrow-right.svg\" alt=\"pfeil rechts\" class=\"has-border-color has-primary-border-color wp-image-975\" style=\"border-width:2px;border-radius:50%;aspect-ratio:1;object-fit:contain\"\/><\/a><\/figure>\n<\/div>\n\n\n\n<div class=\"wp-block-group is-content-justification-space-between is-nowrap is-layout-flex wp-container-core-group-is-layout-cd88e80c wp-block-group-is-layout-flex\" style=\"border-top-color:var(--wp--preset--color--primary);border-top-width:1px;border-right-style:none;border-right-width:0px;border-bottom-color:var(--wp--preset--color--primary);border-bottom-width:1px;border-left-style:none;border-left-width:0px;padding-top:var(--wp--preset--spacing--medium);padding-bottom:var(--wp--preset--spacing--medium)\">\n<div class=\"wp-block-group is-content-justification-left is-nowrap is-layout-flex wp-container-core-group-is-layout-bc3b1c19 wp-block-group-is-layout-flex\">\n<figure class=\"wp-block-image size-full visualicon\"><img decoding=\"async\" src=\"https:\/\/furado.ch\/site\/wp-content\/uploads\/chart-no-axes-combined.svg\" alt=\"gestionnaires d&#039;actifs\" class=\"wp-image-959\"\/><\/figure>\n\n\n\n<p style=\"font-size:clamp(1.146rem, 1.146rem + ((1vw - 0.2rem) * 0.793), 1.8rem);font-style:normal;font-weight:800;line-height:1.5\"><a href=\"\/fr\/gestionnaires-dactifs\/\">Services pour la gestion de patrimoine<\/a><\/p>\n<\/div>\n\n\n\n<figure class=\"wp-block-image size-full has-custom-border is-style-default arrow\"><a href=\"\/fr\/gestionnaires-dactifs\/\"><img decoding=\"async\" src=\"https:\/\/furado.ch\/site\/wp-content\/uploads\/arrow-right.svg\" alt=\"pfeil rechts\" class=\"has-border-color has-primary-border-color wp-image-975\" style=\"border-width:2px;border-radius:50%;aspect-ratio:1;object-fit:contain\"\/><\/a><\/figure>\n<\/div>\n<\/div>\n\n\n\n<div class=\"wp-block-group has-global-padding is-content-justification-left is-layout-constrained wp-container-core-group-is-layout-9fd09aa3 wp-block-group-is-layout-constrained\" style=\"padding-top:0px;padding-right:0px;padding-bottom:0px;padding-left:0px\">\n<p class=\"spectra-popup-trigger-1832 translation-block\" style=\"font-size:clamp(0.929rem, 0.929rem + ((1vw - 0.2rem) * 0.571), 1.4rem);\">Vous n\u2019\u00eates pas de ces secteurs?<br><strong><a href=\"#contactus\" target=\"_self\" class=\"__mPS2id\">\nContactez-nous<\/a><\/strong> pour trouver des solutions adapt\u00e9es \u00e0 vos besoins.<\/p>\n<\/div>\n<\/section>","protected":false},"excerpt":{"rendered":"<p>Explore the Market-Leading Technology of Furado and Set New Standards Navigating withholding tax reclaiming can be daunting due to complex regulations and lack of standardisation, often leaving refunds unclaimed. At Furado, we are setting new standards. Our market-leading technology automatically manages the entire process end-to-end, reducing manual effort and errors. Contact us today and start [&hellip;]<\/p>\n","protected":false},"author":1,"featured_media":0,"parent":0,"menu_order":0,"comment_status":"closed","ping_status":"closed","template":"wp-custom-template-furado-home","meta":{"_seopress_robots_primary_cat":"","_seopress_titles_title":"Furado | Revolutionising Withholding Tax Reclaiming","_seopress_titles_desc":"Furado provides market-leading, fully automated withholding tax reclaim solutions. Simplifying complex processes for banks, life insurances and asset managers.","_seopress_robots_index":"","_uag_custom_page_level_css":"","footnotes":""},"class_list":["post-3711","page","type-page","status-publish","hentry"],"uagb_featured_image_src":{"full":false,"thumbnail":false,"medium":false,"medium_large":false,"large":false,"1536x1536":false,"2048x2048":false,"trp-custom-language-flag":false},"uagb_author_info":{"display_name":"frank","author_link":"https:\/\/furado.ch\/fr\/author\/frank\/"},"uagb_comment_info":0,"uagb_excerpt":"Explore the Market-Leading Technology of Furado and Set New Standards Navigating withholding tax reclaiming can be daunting due to complex regulations and lack of standardisation, often leaving refunds unclaimed. At Furado, we are setting new standards. Our market-leading technology automatically manages the entire process end-to-end, reducing manual effort and errors. Contact us today and start\u2026","_links":{"self":[{"href":"https:\/\/furado.ch\/fr\/wp-json\/wp\/v2\/pages\/3711","targetHints":{"allow":["GET"]}}],"collection":[{"href":"https:\/\/furado.ch\/fr\/wp-json\/wp\/v2\/pages"}],"about":[{"href":"https:\/\/furado.ch\/fr\/wp-json\/wp\/v2\/types\/page"}],"author":[{"embeddable":true,"href":"https:\/\/furado.ch\/fr\/wp-json\/wp\/v2\/users\/1"}],"replies":[{"embeddable":true,"href":"https:\/\/furado.ch\/fr\/wp-json\/wp\/v2\/comments?post=3711"}],"version-history":[{"count":4,"href":"https:\/\/furado.ch\/fr\/wp-json\/wp\/v2\/pages\/3711\/revisions"}],"predecessor-version":[{"id":3827,"href":"https:\/\/furado.ch\/fr\/wp-json\/wp\/v2\/pages\/3711\/revisions\/3827"}],"wp:attachment":[{"href":"https:\/\/furado.ch\/fr\/wp-json\/wp\/v2\/media?parent=3711"}],"curies":[{"name":"wp","href":"https:\/\/api.w.org\/{rel}","templated":true}]}}