{"id":56,"date":"2024-07-13T09:09:08","date_gmt":"2024-07-13T07:09:08","guid":{"rendered":"https:\/\/new.furado.ch\/?page_id=56"},"modified":"2025-07-18T10:50:51","modified_gmt":"2025-07-18T08:50:51","slug":"avis-juridique","status":"publish","type":"page","link":"https:\/\/furado.ch\/fr\/legal-notice\/","title":{"rendered":"Mentions l\u00e9gales"},"content":{"rendered":"<section class=\"wp-block-group sixty text-hero has-global-padding is-content-justification-left is-layout-constrained wp-container-core-group-is-layout-872704ea wp-block-group-is-layout-constrained\" style=\"padding-top:var(--wp--preset--spacing--xx-large);padding-right:0;padding-bottom:var(--wp--preset--spacing--medium);padding-left:0\">\n<div class=\"wp-block-group is-layout-flow wp-block-group-is-layout-flow\" style=\"padding-top:0px;padding-right:0px;padding-bottom:0px;padding-left:0px\">\n<h1 class=\"wp-block-heading animated fadeInUp\" style=\"font-size:clamp(1.976rem, 1.976rem + ((1vw - 0.2rem) * 1.847), 3.5rem);line-height:1.2\">Mentions l\u00e9gales<\/h1>\n\n\n\n<p>Nous sommes le principal fournisseur de services automatis\u00e9s de r\u00e9cup\u00e9ration des retenues \u00e0 la source pour les particuliers et les entreprises dans le monde entier.<\/p>\n<\/div>\n<\/section>\n\n\n\n<div class=\"wp-block-group has-global-padding is-layout-constrained wp-container-core-group-is-layout-3486587d wp-block-group-is-layout-constrained\">\n<section class=\"wp-block-group has-global-padding is-layout-constrained wp-block-group-is-layout-constrained\">\n<h2 class=\"wp-block-heading\">Mentions l\u00e9gales<\/h2>\n\n\n\n<div class=\"wp-block-columns is-layout-flex wp-container-core-columns-is-layout-9a20cdea wp-block-columns-is-layout-flex\">\n<div class=\"wp-block-column is-layout-flow wp-block-column-is-layout-flow\">\n<p>Furado AG<br>T\u00f6distrasse 46, CH-8810 Horgen<br><\/p>\n\n\n\n<p>Furado (Luxembourg) S.a.r.L.<br>16 rue Robert St\u00fcmper, L-2557 Luxembourg<\/p>\n\n\n\n<p><strong>Repr\u00e9sentant autoris\u00e9:<br><\/strong>Thomas Schwarze<\/p>\n\n\n\n<p><strong>Nom de l\u2019entreprise:<\/strong><br>Furado AG<\/p>\n<\/div>\n\n\n\n<div class=\"wp-block-column is-layout-flow wp-block-column-is-layout-flow\">\n<p><strong>Contact :<\/strong><br>T : +41 44 576 48 01<br>E : info@furado.ch<br>furado.ch<\/p>\n\n\n\n<p><strong>Num\u00e9ro d\u2019enregistrement (CH-ID):<\/strong><br>CH-020-3040367-0<\/p>\n\n\n\n<p><strong>Num\u00e9ro d\u2019identification TVA (UID):<\/strong><br>CHE-339.645.617<\/p>\n<\/div>\n<\/div>\n<\/section>\n\n\n\n<div class=\"wp-block-group has-global-padding is-content-justification-left is-layout-constrained wp-container-core-group-is-layout-12dd3699 wp-block-group-is-layout-constrained\">\n<h2 class=\"wp-block-heading\">Conditions d\u2019utilisation<\/h2>\n\n\n\n<h3 class=\"wp-block-heading\">Responsabilit\u00e9 concernant le contenu<\/h3>\n\n\n\n<p>Les obligations l\u00e9gales de suppression des informations ou de blocage de l\u2019utilisation des informations ne sont pas contest\u00e9es. Dans ce cas, la responsabilit\u00e9 n\u2019est possible qu\u2019au moment o\u00f9 l\u2019on a connaissance d\u2019une violation sp\u00e9cifique de la loi. Les contenus ill\u00e9gaux seront retir\u00e9s imm\u00e9diatement d\u00e8s que nous en aurons connaissance.<\/p>\n\n\n\n<h3 class=\"wp-block-heading\">Responsabilit\u00e9 concernant les liens<\/h3>\n\n\n\n<p>Notre offre comprend des liens vers des sites Web de tiers. Nous n\u2019avons aucune influence sur le contenu de ces sites et ne pouvons donc pas nous en porter garants. Les fournisseurs ou administrateurs des sites li\u00e9s sont toujours responsables de leur propre contenu.<\/p>\n\n\n\n<p>Les sites Web li\u00e9s ont \u00e9t\u00e9 v\u00e9rifi\u00e9s au moment de la mise en lien afin de d\u00e9tecter d\u2019\u00e9ventuelles violations de la loi. Aucun contenu ill\u00e9gal n\u2019a \u00e9t\u00e9 d\u00e9tect\u00e9 au moment de la mise en lien. Un contr\u00f4le permanent du contenu des sites Web li\u00e9s ne peut \u00eatre impos\u00e9 sans indices raisonnables d\u2019une violation de la loi. Les liens ill\u00e9gaux seront supprim\u00e9s imm\u00e9diatement d\u00e8s que nous en aurons connaissance.<\/p>\n\n\n\n<h3 class=\"wp-block-heading\">Droit d\u2019auteur<\/h3>\n\n\n\n<p class=\"translation-block\">Les contenus et les compilations publi\u00e9s sur ces sites Web par les fournisseurs sont soumis aux lois suisses sur les droits d\u2019auteur. La reproduction, l\u2019\u00e9dition, la distribution ainsi que l\u2019utilisation de toute nature en dehors du champ d\u2019application de la loi sur les droits d\u2019auteur requi\u00e8rent une autorisation \u00e9crite de l\u2019auteur ou du cr\u00e9ateur. Les t\u00e9l\u00e9chargements et les copies de ces sites Web ne sont autoris\u00e9s que pour un usage priv\u00e9.<br>\nL\u2019utilisation commerciale de nos contenus sans l\u2019autorisation de l\u2019auteur est interdite.<\/p>\n\n\n\n<p>Les droits d\u2019auteur des tiers sont respect\u00e9s dans la mesure o\u00f9 le contenu de ces sites Web ne provient pas du fournisseur. Les contributions de tiers sur ce site sont indiqu\u00e9es comme telles. Toutefois, si vous constatez des violations du droit d\u2019auteur, veuillez nous en informer. Ces contenus seront imm\u00e9diatement supprim\u00e9s.<\/p>\n\n\n\n<p>Les droits d\u2019auteur (c) pour certaines parties de Lucide sont d\u00e9tenus par Cole Bemis 2013-2022 dans le cadre de Feather (MIT). Tous les autres droits d\u2019auteur (c) pour Lucide sont d\u00e9tenus par les contributeurs de Lucide 2022.<\/p>\n\n\n\n<p>Photographie sous licence: iStock<\/p>\n<\/div>\n<\/div>","protected":false},"excerpt":{"rendered":"<p>Legal Notice We are the leading provider of automatized withholding tax services for private and corporate clients globally. Imprint Furado AGT\u00f6distrasse 46, CH-8810 Horgen Furado (Luxembourg) S.a.r.L.16 rue Robert St\u00fcmper, L-2557 Luxembourg Authorised representative:Thomas Schwarze Company name:Furado AG Contact:T: +41 44 576 48 01E: info@furado.chfurado.ch Registration number (CH-ID):CH-020-3040367-0 VAT identification number (UID):CHE-339.645.617 Terms of Use [&hellip;]<\/p>\n","protected":false},"author":1,"featured_media":0,"parent":0,"menu_order":0,"comment_status":"closed","ping_status":"closed","template":"page-no-title","meta":{"_seopress_robots_primary_cat":"","_seopress_titles_title":"Legal Notice | Furado","_seopress_titles_desc":"View our legal notice and company details, providing insights into our automated withholding tax solutions for private and corporate clients globally.","_seopress_robots_index":"","_uag_custom_page_level_css":"","footnotes":""},"class_list":["post-56","page","type-page","status-publish","hentry"],"uagb_featured_image_src":{"full":false,"thumbnail":false,"medium":false,"medium_large":false,"large":false,"1536x1536":false,"2048x2048":false,"trp-custom-language-flag":false},"uagb_author_info":{"display_name":"frank","author_link":"https:\/\/furado.ch\/fr\/author\/frank\/"},"uagb_comment_info":0,"uagb_excerpt":"Legal Notice We are the leading provider of automatized withholding tax services for private and corporate clients globally. Imprint Furado AGT\u00f6distrasse 46, CH-8810 Horgen Furado (Luxembourg) S.a.r.L.16 rue Robert St\u00fcmper, L-2557 Luxembourg Authorised representative:Thomas Schwarze Company name:Furado AG Contact:T: +41 44 576 48 01E: info@furado.chfurado.ch Registration number (CH-ID):CH-020-3040367-0 VAT identification number (UID):CHE-339.645.617 Terms of Use\u2026","_links":{"self":[{"href":"https:\/\/furado.ch\/fr\/wp-json\/wp\/v2\/pages\/56","targetHints":{"allow":["GET"]}}],"collection":[{"href":"https:\/\/furado.ch\/fr\/wp-json\/wp\/v2\/pages"}],"about":[{"href":"https:\/\/furado.ch\/fr\/wp-json\/wp\/v2\/types\/page"}],"author":[{"embeddable":true,"href":"https:\/\/furado.ch\/fr\/wp-json\/wp\/v2\/users\/1"}],"replies":[{"embeddable":true,"href":"https:\/\/furado.ch\/fr\/wp-json\/wp\/v2\/comments?post=56"}],"version-history":[{"count":42,"href":"https:\/\/furado.ch\/fr\/wp-json\/wp\/v2\/pages\/56\/revisions"}],"predecessor-version":[{"id":3858,"href":"https:\/\/furado.ch\/fr\/wp-json\/wp\/v2\/pages\/56\/revisions\/3858"}],"wp:attachment":[{"href":"https:\/\/furado.ch\/fr\/wp-json\/wp\/v2\/media?parent=56"}],"curies":[{"name":"wp","href":"https:\/\/api.w.org\/{rel}","templated":true}]}}