{"id":80,"date":"2024-07-31T15:35:32","date_gmt":"2024-07-31T13:35:32","guid":{"rendered":"https:\/\/new.furado.ch\/?page_id=80"},"modified":"2026-02-01T08:51:29","modified_gmt":"2026-02-01T07:51:29","slug":"a-propos-de-nous","status":"publish","type":"page","link":"https:\/\/furado.ch\/fr\/about-us\/","title":{"rendered":"\u00c0 propos de nous"},"content":{"rendered":"<section class=\"wp-block-group alignwide static-hero has-global-padding is-layout-constrained wp-container-core-group-is-layout-0faa5006 wp-block-group-is-layout-constrained\">\n<div class=\"wp-block-group alignwide moveleft is-layout-flex wp-container-core-group-is-layout-d0921e6e wp-block-group-is-layout-flex\">\n<figure class=\"wp-block-image size-full wp-container-content-705f1100\"><img loading=\"lazy\" decoding=\"async\" width=\"1600\" height=\"800\" src=\"https:\/\/furado.ch\/site\/wp-content\/uploads\/team-hero.webp\" alt=\"A propos de nous\" class=\"wp-image-1655\" style=\"object-fit:cover\" srcset=\"https:\/\/furado.ch\/site\/wp-content\/uploads\/team-hero.webp 1600w, https:\/\/furado.ch\/site\/wp-content\/uploads\/team-hero-300x150.webp 300w, https:\/\/furado.ch\/site\/wp-content\/uploads\/team-hero-1024x512.webp 1024w, https:\/\/furado.ch\/site\/wp-content\/uploads\/team-hero-768x384.webp 768w, https:\/\/furado.ch\/site\/wp-content\/uploads\/team-hero-1536x768.webp 1536w\" sizes=\"auto, (max-width: 1600px) 100vw, 1600px\" \/><\/figure>\n\n\n\n<div class=\"wp-block-group bbox-static has-base-color has-primary-background-color has-text-color has-background has-link-color wp-elements-677eeae66bc0c371b85592cba6e21133 wp-container-content-90d19858 is-vertical is-nowrap is-layout-flex wp-container-core-group-is-layout-731f0512 wp-block-group-is-layout-flex\" style=\"padding-top:var(--wp--preset--spacing--large);padding-right:var(--wp--preset--spacing--large);padding-bottom:var(--wp--preset--spacing--large);padding-left:var(--wp--preset--spacing--large)\">\n<h1 class=\"wp-block-heading has-base-color has-text-color has-link-color has-large-font-size wp-elements-42dff34294f3d0dfb74c4277074b77c6\" style=\"margin-top:0px;margin-bottom:0px;padding-top:0px;padding-bottom:0px;line-height:1.1\">\u00c0 propos de Furado<\/h1>\n\n\n\n<p class=\"has-base-color has-text-color has-link-color wp-elements-bdbaecfb46aef4adf3cbdd44e573dafb\">Le leader du march\u00e9 des solutions de r\u00e9cup\u00e9ration des taxes.<\/p>\n<\/div>\n<\/div>\n<\/section>\n\n\n\n<section class=\"wp-block-group sixty has-global-padding is-content-justification-left is-layout-constrained wp-container-core-group-is-layout-ff0a2c0d wp-block-group-is-layout-constrained\" style=\"padding-top:var(--wp--preset--spacing--medium);padding-right:0;padding-bottom:var(--wp--preset--spacing--xx-large);padding-left:0\">\n<h2 class=\"wp-block-heading animated fadeInUp\" style=\"font-size:clamp(1.976rem, 1.976rem + ((1vw - 0.2rem) * 1.847), 3.5rem);line-height:1.1\">Qui sommes-nous?<\/h2>\n\n\n\n<p>Depuis notre fondation en 2013, nous nous employons \u00e0 r\u00e9volutionner le processus de r\u00e9cup\u00e9ration des retenues \u00e0 la source. Entreprise priv\u00e9e bas\u00e9e en Suisse, nous sommes fiers de fournir des solutions de bout en bout enti\u00e8rement automatis\u00e9es qui simplifient la r\u00e9cup\u00e9ration des retenues \u00e0 la source.<\/p>\n\n\n\n<p class=\"spectra-popup-trigger-1832 translation-block\"><strong>Collaborez avec nous<\/strong> pour d\u00e9couvrir une nouvelle approche de la r\u00e9cup\u00e9ration des retenues \u00e0 la source \u2013 efficace, fiable et adapt\u00e9e \u00e0 vos besoins.<\/p>\n<\/section>\n\n\n\n<section class=\"wp-block-group alignfull has-base-color has-primary-background-color has-text-color has-background has-link-color wp-elements-ddf5c9591d56f25dd9187c9863f3852c has-global-padding is-layout-constrained wp-container-core-group-is-layout-323a0f85 wp-block-group-is-layout-constrained\" style=\"padding-right:0;padding-left:0\">\n<div class=\"wp-block-group apart-slider has-base-color has-primary-background-color has-text-color has-background has-link-color wp-elements-f7165c5246e9c0e764b875f7975384d3 has-global-padding is-content-justification-left is-layout-constrained wp-container-core-group-is-layout-5554f983 wp-block-group-is-layout-constrained\" style=\"margin-top:0;margin-bottom:0;padding-top:var(--wp--preset--spacing--xx-large);padding-right:120px;padding-bottom:var(--wp--preset--spacing--small);padding-left:120px\">\n<h3 class=\"wp-block-heading has-base-color has-text-color has-link-color wp-elements-bdaf83239c8ec47233ecc207b23231bc\" style=\"font-size:clamp(1.976rem, 1.976rem + ((1vw - 0.2rem) * 1.847), 3.5rem);line-height:1.1\">Ce qui nous distingue<\/h3>\n\n\n\n<p class=\"has-base-color has-text-color has-link-color wp-elements-157897bdfcab53e1a0c67adf12ba04c2\">Nous lib\u00e9rons le potentiel gr\u00e2ce \u00e0 une technologie innovante, \u00e0 notre expertise et \u00e0 notre engagement \u00e0 l\u2019excellence. D\u00e9couvrez ce qui fait l\u2019unicit\u00e9 de Furado.<\/p>\n<\/div>\n\n\n\n<div class=\"wp-block-uagb-slider about-slider uagb-block-bce001d7 uagb-slider-container\"><div class=\"uagb-slides uagb-swiper\"><div class=\"swiper-wrapper\">\n<div class=\"wp-block-uagb-slider-child uagb-slider-child-wrap swiper-slide uagb-block-8c9b4838\"><div class=\"swiper-content\">\n<div class=\"wp-block-group is-vertical is-layout-flex wp-container-core-group-is-layout-be455cf3 wp-block-group-is-layout-flex\">\n<div class=\"wp-block-group has-global-padding is-layout-constrained wp-block-group-is-layout-constrained\">\n<figure class=\"wp-block-image size-full\"><img decoding=\"async\" src=\"https:\/\/furado.ch\/site\/wp-content\/uploads\/globe.svg\" alt=\"globe terrestre\" class=\"wp-image-1704\"\/><\/figure>\n\n\n\n<h4 class=\"wp-block-heading has-base-color has-text-color has-link-color wp-elements-d2f51d9afb9ce5916ac87774dcdb9e41\" style=\"margin-top:0px;margin-bottom:0px;padding-top:1.5rem;padding-bottom:0px;font-size:clamp(1.976rem, 1.976rem + ((1vw - 0.2rem) * 1.847), 3.5rem);line-height:1.1\">Pr\u00e9sence \u00e0 l\u2019\u00e9chelle europ\u00e9enne<\/h4>\n<\/div>\n\n\n\n<p class=\"has-base-color has-text-color has-link-color wp-elements-7160a03f7c3faef92088d95bc9d895d4 translation-block\">Nous sommes pr\u00e9sents \u00e0 travers l\u2019Europe, avec des repr\u00e9sentations r\u00e9gionales au <strong>Luxembourg, en Allemagne, en Espagne et en Italie<\/strong>. Cette large couverture nous permet de fournir un soutien solide \u00e0 notre client\u00e8le, o\u00f9 qu\u2019elle se trouve.<\/p>\n<\/div>\n<\/div><\/div>\n\n\n\n<div class=\"wp-block-uagb-slider-child uagb-slider-child-wrap swiper-slide uagb-block-739ac76f\"><div class=\"swiper-content\">\n<div class=\"wp-block-group is-vertical is-layout-flex wp-container-core-group-is-layout-be455cf3 wp-block-group-is-layout-flex\">\n<div class=\"wp-block-group has-global-padding is-layout-constrained wp-block-group-is-layout-constrained\">\n<figure class=\"wp-block-image size-full\"><img decoding=\"async\" src=\"https:\/\/furado.ch\/site\/wp-content\/uploads\/square-code.svg\" alt=\"\" class=\"wp-image-1708\"\/><\/figure>\n\n\n\n<h4 class=\"wp-block-heading has-base-color has-text-color has-link-color wp-elements-957ab0485f8ffd40acba7bc48546323a\" style=\"margin-top:0px;margin-bottom:0px;padding-top:1.5rem;padding-bottom:0px;font-size:clamp(1.976rem, 1.976rem + ((1vw - 0.2rem) * 1.847), 3.5rem);line-height:1.1\">Logiciel propri\u00e9taire unique<\/h4>\n<\/div>\n\n\n\n<p class=\"has-base-color has-text-color has-link-color wp-elements-806d3e43fc90aad6eb0b0756a3c458e8 translation-block\">L\u2019\u00e9l\u00e9ment central de Furado est son <strong>logiciel propri\u00e9taire unique<\/strong>, con\u00e7u pour rendre la r\u00e9cup\u00e9ration des retenues \u00e0 la source rapide et simple. Notre <strong>technologie de pointe<\/strong> offre un niveau d\u2019automatisation in\u00e9galable.<\/p>\n<\/div>\n<\/div><\/div>\n\n\n\n<div class=\"wp-block-uagb-slider-child uagb-slider-child-wrap swiper-slide uagb-block-8513e8e5\"><div class=\"swiper-content\">\n<div class=\"wp-block-group is-vertical is-layout-flex wp-container-core-group-is-layout-be455cf3 wp-block-group-is-layout-flex\">\n<div class=\"wp-block-group has-global-padding is-layout-constrained wp-block-group-is-layout-constrained\">\n<figure class=\"wp-block-image size-full\"><img decoding=\"async\" src=\"https:\/\/furado.ch\/site\/wp-content\/uploads\/users.svg\" alt=\"\" class=\"wp-image-1707\"\/><\/figure>\n\n\n\n<h4 class=\"wp-block-heading has-base-color has-text-color has-link-color wp-elements-6cf4f5f36760bd95bb19c050f2158e28\" style=\"margin-top:0px;margin-bottom:0px;padding-top:1.5rem;padding-bottom:0rem;font-size:clamp(1.976rem, 1.976rem + ((1vw - 0.2rem) * 1.847), 3.5rem);line-height:1.1\">Engagement sans faille en faveur des clients<\/h4>\n<\/div>\n\n\n\n<p class=\"has-base-color has-text-color has-link-color wp-elements-c8aacebdb071484a95b7212ba023132e translation-block\">Ce qui distingue vraiment Furado, c\u2019est <strong>son d\u00e9vouement \u00e0 ses clients et clientes<\/strong>. Nous comprenons les complexit\u00e9s et les d\u00e9fis auxquels vous \u00eates confront\u00e9\/e, et nous sommes l\u00e0 pour rendre le processus de r\u00e9cup\u00e9ration aussi fluide que possible.<\/p>\n<\/div>\n<\/div><\/div>\n<\/div><\/div><div class=\"swiper-pagination\"><\/div><\/div>\n<\/section>\n\n\n\n<section class=\"wp-block-group sixty has-global-padding is-content-justification-left is-layout-constrained wp-container-core-group-is-layout-d75eea8a wp-block-group-is-layout-constrained\" style=\"padding-top:var(--wp--preset--spacing--x-large);padding-right:0;padding-bottom:0;padding-left:0\">\n<div class=\"wp-block-group is-layout-flow wp-block-group-is-layout-flow\">\n<figure class=\"wp-block-image size-full wp-container-content-fad590e5\"><img loading=\"lazy\" decoding=\"async\" width=\"1600\" height=\"1067\" src=\"https:\/\/furado.ch\/site\/wp-content\/uploads\/office-community.webp\" alt=\"Notre \u00e9quipe\" class=\"wp-image-1718\" style=\"object-fit:cover\" srcset=\"https:\/\/furado.ch\/site\/wp-content\/uploads\/office-community.webp 1600w, https:\/\/furado.ch\/site\/wp-content\/uploads\/office-community-300x200.webp 300w, https:\/\/furado.ch\/site\/wp-content\/uploads\/office-community-1024x683.webp 1024w, https:\/\/furado.ch\/site\/wp-content\/uploads\/office-community-768x512.webp 768w, https:\/\/furado.ch\/site\/wp-content\/uploads\/office-community-1536x1024.webp 1536w\" sizes=\"auto, (max-width: 1600px) 100vw, 1600px\" \/><\/figure>\n<\/div>\n\n\n\n<section class=\"wp-block-group sixty is-layout-flow wp-block-group-is-layout-flow\" style=\"padding-top:var(--wp--preset--spacing--small);padding-right:0;padding-bottom:var(--wp--preset--spacing--small);padding-left:0\">\n<h3 class=\"wp-block-heading animated fadeInUp\" style=\"font-size:clamp(1.976rem, 1.976rem + ((1vw - 0.2rem) * 1.847), 3.5rem);line-height:1.1\">Notre \u00e9quipe<\/h3>\n\n\n\n<p>Chez Furado, nous sommes fiers de notre \u00e9quipe hautement qualifi\u00e9e et diversifi\u00e9e. Nos experts apportent une richesse de connaissances et d'exp\u00e9riences dans des domaines cl\u00e9s tels que <strong>Imp\u00f4ts internationaux<\/strong>, <strong>Gestion de patrimoine<\/strong>, <strong>Banque d'investissement<\/strong>, <strong>Services financiers<\/strong> et <strong>G\u00e9nie logiciel<\/strong>.<\/p>\n\n\n\n<p class=\"translation-block\">Les membres de notre \u00e9quipe sont originaires de <strong>Suisse<\/strong>, <strong>Allemagne<\/strong>, <strong>Autriche<\/strong>, <strong>Pologne<\/strong>, <strong>France<\/strong>, <strong>Danemark<\/strong> et <strong>Hongrie<\/strong>. Les membres de l'\u00e9quipe sont des professionnels de la sant\u00e9 et de la s\u00e9curit\u00e9, qui collaborent de mani\u00e8re transparente afin de fournir des solutions innovantes et fiables \u00e0 nos clients. Gr\u00e2ce \u00e0 cette combinaison de comp\u00e9tences, nous sommes bien \u00e9quip\u00e9s pour r\u00e9pondre aux besoins complexes de nos clients et obtenir des r\u00e9sultats exceptionnels.<\/p>\n<\/section>\n<\/section>","protected":false},"excerpt":{"rendered":"<p>About Furado The market leading provider of reclaiming tax solutions. Who Are We? Founded in 2013, we continue to dedicate ourselves to revolutionising the withholding tax reclaiming process. As a privately-owned company based in Switzerland, we pride ourselves on delivering fully automated, end-to-end solutions that streamline and simplify withholding tax reclaims. Partner with us and [&hellip;]<\/p>\n","protected":false},"author":1,"featured_media":0,"parent":0,"menu_order":0,"comment_status":"closed","ping_status":"closed","template":"page-no-title","meta":{"_seopress_robots_primary_cat":"","_seopress_titles_title":"About Us | Furado","_seopress_titles_desc":"Founded in 2013 and based in Switzerland, Furado pioneers fully automated, end-to-end withholding tax reclaiming, leading the industry with innovation.","_seopress_robots_index":"","_uag_custom_page_level_css":"","footnotes":""},"class_list":["post-80","page","type-page","status-publish","hentry"],"uagb_featured_image_src":{"full":false,"thumbnail":false,"medium":false,"medium_large":false,"large":false,"1536x1536":false,"2048x2048":false,"trp-custom-language-flag":false},"uagb_author_info":{"display_name":"frank","author_link":"https:\/\/furado.ch\/fr\/author\/frank\/"},"uagb_comment_info":0,"uagb_excerpt":"About Furado The market leading provider of reclaiming tax solutions. Who Are We? Founded in 2013, we continue to dedicate ourselves to revolutionising the withholding tax reclaiming process. As a privately-owned company based in Switzerland, we pride ourselves on delivering fully automated, end-to-end solutions that streamline and simplify withholding tax reclaims. Partner with us and\u2026","_links":{"self":[{"href":"https:\/\/furado.ch\/fr\/wp-json\/wp\/v2\/pages\/80","targetHints":{"allow":["GET"]}}],"collection":[{"href":"https:\/\/furado.ch\/fr\/wp-json\/wp\/v2\/pages"}],"about":[{"href":"https:\/\/furado.ch\/fr\/wp-json\/wp\/v2\/types\/page"}],"author":[{"embeddable":true,"href":"https:\/\/furado.ch\/fr\/wp-json\/wp\/v2\/users\/1"}],"replies":[{"embeddable":true,"href":"https:\/\/furado.ch\/fr\/wp-json\/wp\/v2\/comments?post=80"}],"version-history":[{"count":107,"href":"https:\/\/furado.ch\/fr\/wp-json\/wp\/v2\/pages\/80\/revisions"}],"predecessor-version":[{"id":3906,"href":"https:\/\/furado.ch\/fr\/wp-json\/wp\/v2\/pages\/80\/revisions\/3906"}],"wp:attachment":[{"href":"https:\/\/furado.ch\/fr\/wp-json\/wp\/v2\/media?parent=80"}],"curies":[{"name":"wp","href":"https:\/\/api.w.org\/{rel}","templated":true}]}}