{"id":84,"date":"2024-07-31T15:35:56","date_gmt":"2024-07-31T13:35:56","guid":{"rendered":"https:\/\/new.furado.ch\/?page_id=84"},"modified":"2025-05-22T10:40:46","modified_gmt":"2025-05-22T08:40:46","slug":"faq","status":"publish","type":"page","link":"https:\/\/furado.ch\/fr\/faq\/","title":{"rendered":"FAQ"},"content":{"rendered":"<section class=\"wp-block-group sixty text-hero has-global-padding is-content-justification-left is-layout-constrained wp-container-core-group-is-layout-8531ebe2 wp-block-group-is-layout-constrained\" style=\"padding-top:var(--wp--preset--spacing--xx-large);padding-right:0;padding-bottom:var(--wp--preset--spacing--xx-large);padding-left:0\">\n<div class=\"wp-block-group is-layout-flow wp-block-group-is-layout-flow\" style=\"padding-top:0px;padding-right:0px;padding-bottom:0px;padding-left:0px\">\n<h1 class=\"wp-block-heading animated fadeInUp\" style=\"font-size:clamp(1.976rem, 1.976rem + ((1vw - 0.2rem) * 1.847), 3.5rem);line-height:1.1\">Questions fr\u00e9quemment pos\u00e9es<\/h1>\n\n\n\n<p>Bienvenue dans la section FAQ de Furado! Nous y avons rassembl\u00e9 les r\u00e9ponses aux questions les plus courantes sur nos services de r\u00e9cup\u00e9ration automatis\u00e9e des retenues \u00e0 la source. Que vous comptiez d\u00e9j\u00e0 parmi nos clients ou que vous envisagiez de recourir \u00e0 nos services, vous trouverez ici des informations pr\u00e9cieuses sur la mani\u00e8re dont nous pouvons vous assister. Si vous avez d\u2019autres questions, n\u2019h\u00e9sitez pas \u00e0 nous contacter directement.<br><\/p>\n\n\n\n<div class=\"wp-block-buttons is-layout-flex wp-block-buttons-is-layout-flex\">\n<div class=\"wp-block-button is-style-outline bwhite spectra-popup-trigger-1832 is-style-outline--1\"><a class=\"wp-block-button__link has-custom-font-size wp-element-button\" style=\"border-radius:25px;font-size:clamp(0.929rem, 0.929rem + ((1vw - 0.2rem) * 0.571), 1.4rem);\">Nous contacter<\/a><\/div>\n<\/div>\n<\/div>\n<\/section>\n\n\n\n<section class=\"wp-block-group has-global-padding is-layout-constrained wp-block-group-is-layout-constrained\">\n<div class=\"wp-block-columns is-layout-flex wp-container-core-columns-is-layout-fdf2111e wp-block-columns-is-layout-flex\">\n<div class=\"wp-block-column is-layout-flow wp-block-column-is-layout-flow\">\n<div class=\"wp-block-group has-global-padding is-layout-constrained wp-container-core-group-is-layout-f20af0cb wp-block-group-is-layout-constrained\" style=\"border-top-color:var(--wp--preset--color--primary);border-top-width:1px;border-right-style:none;border-right-width:0px;border-bottom-style:none;border-bottom-width:0px;border-left-style:none;border-left-width:0px;padding-top:var(--wp--preset--spacing--medium);padding-bottom:0\">\n<p><strong>Pour quels types de clients Furado peut-il traiter les demandes de r\u00e9cup\u00e9ration des retenues \u00e0 la source?<\/strong><\/p>\n\n\n\n<p>Nous pouvons traiter les demandes de remboursement des retenues \u00e0 la source pour les types de clients suivants: personnes physiques, personnes morales, b\u00e9n\u00e9ficiaires de l\u2019usufruit, successions, entreprises individuelles, soci\u00e9t\u00e9s de personnes, fondations caritatives et arrangements fiduciaires.<\/p>\n<\/div>\n\n\n\n<div class=\"wp-block-group has-global-padding is-layout-constrained wp-container-core-group-is-layout-f20af0cb wp-block-group-is-layout-constrained\" style=\"border-top-color:var(--wp--preset--color--primary);border-top-width:1px;border-right-style:none;border-right-width:0px;border-bottom-style:none;border-bottom-width:0px;border-left-style:none;border-left-width:0px;padding-top:var(--wp--preset--spacing--medium);padding-bottom:0\">\n<p><strong>Que dois-je faire en tant que client final?<\/strong><\/p>\n\n\n\n<p>En tant que client final, vous pouvez vous d\u00e9tendre, car vous n\u2019avez plus rien \u00e0 faire une fois que vous avez sign\u00e9 la procuration de Furado et le mandat.<\/p>\n<\/div>\n\n\n\n<div class=\"wp-block-group has-global-padding is-layout-constrained wp-container-core-group-is-layout-f20af0cb wp-block-group-is-layout-constrained\" style=\"border-top-color:var(--wp--preset--color--primary);border-top-width:1px;border-right-style:none;border-right-width:0px;border-bottom-style:none;border-bottom-width:0px;border-left-style:none;border-left-width:0px;padding-top:var(--wp--preset--spacing--medium);padding-bottom:0\">\n<p><strong>Puis-je r\u00e9cup\u00e9rer les retenues \u00e0 la source pour toutes mes relations bancaires?<\/strong><\/p>\n\n\n\n<p>Oui, vous pouvez. Il faut cependant que l\u2019une de vos banques ait une relation contractuelle avec nous.<\/p>\n<\/div>\n\n\n\n<div class=\"wp-block-group has-global-padding is-layout-constrained wp-container-core-group-is-layout-61d72357 wp-block-group-is-layout-constrained\" style=\"border-top-color:var(--wp--preset--color--primary);border-top-width:1px;border-right-style:none;border-right-width:0px;border-bottom-color:var(--wp--preset--color--primary);border-bottom-width:1px;border-left-style:none;border-left-width:0px;padding-top:var(--wp--preset--spacing--medium);padding-bottom:var(--wp--preset--spacing--medium)\">\n<p><strong>Pourquoi ne puis-je pas r\u00e9cup\u00e9rer les retenues \u00e0 la source des \u00c9tats-Unis?<\/strong><\/p>\n\n\n\n<p>La r\u00e9cup\u00e9ration des retenues \u00e0 la source des \u00c9tats-Unis est g\u00e9n\u00e9ralement impossible en raison des r\u00e9glementations fiscales du pays et des trait\u00e9s. Veuillez contacter votre banque pour en savoir plus sur les taxes am\u00e9ricaines.<\/p>\n<\/div>\n<\/div>\n\n\n\n<div class=\"wp-block-column is-layout-flow wp-block-column-is-layout-flow\">\n<div class=\"wp-block-group faqcollapse has-global-padding is-layout-constrained wp-container-core-group-is-layout-f20af0cb wp-block-group-is-layout-constrained\" style=\"border-top-color:var(--wp--preset--color--primary);border-top-width:1px;border-right-style:none;border-right-width:0px;border-bottom-style:none;border-bottom-width:0px;border-left-style:none;border-left-width:0px;padding-top:var(--wp--preset--spacing--medium);padding-bottom:0\">\n<p><strong>Furado op\u00e8re-t-il une activit\u00e9 B2C?<\/strong><\/p>\n\n\n\n<p>Non, nous sommes une entreprise B2B. Si les services de Furado vous int\u00e9ressent, veuillez contacter votre banque, votre compagnie d\u2019assurance-vie ou votre gestionnaire de patrimoine.<\/p>\n<\/div>\n\n\n\n<div class=\"wp-block-group has-global-padding is-layout-constrained wp-container-core-group-is-layout-f20af0cb wp-block-group-is-layout-constrained\" style=\"border-top-color:var(--wp--preset--color--primary);border-top-width:1px;border-right-style:none;border-right-width:0px;border-bottom-style:none;border-bottom-width:0px;border-left-style:none;border-left-width:0px;padding-top:var(--wp--preset--spacing--medium);padding-bottom:0\">\n<p><strong>Je suis une banque et souhaite faire appel \u00e0 vos services. Quel est le co\u00fbt et pourquoi devrais-je choisir Furado?<\/strong><\/p>\n\n\n\n<p>Nous vous pr\u00e9senterons tous les d\u00e9tails pertinents et vous aiderons \u00e0 choisir le mod\u00e8le de service appropri\u00e9. Veuillez nous contacter.<\/p>\n<\/div>\n\n\n\n<div class=\"wp-block-group has-global-padding is-layout-constrained wp-container-core-group-is-layout-61d72357 wp-block-group-is-layout-constrained\" style=\"border-top-color:var(--wp--preset--color--primary);border-top-width:1px;border-right-style:none;border-right-width:0px;border-bottom-color:var(--wp--preset--color--primary);border-bottom-width:1px;border-left-style:none;border-left-width:0px;padding-top:var(--wp--preset--spacing--medium);padding-bottom:var(--wp--preset--spacing--medium)\">\n<p><strong>Je suis une compagnie d\u2019assurance. Ne pouvons-nous pas simplement demander \u00e0 toutes nos banques de r\u00e9cup\u00e9rer les taxes en notre nom?<\/strong><\/p>\n\n\n\n<p>Si. N\u00e9anmoins, veuillez garder \u00e0 l\u2019esprit que la r\u00e9glementation qui s\u2019applique \u00e0 vous pourrait vous obliger \u00e0 vous assurer que toutes les banques effectuent les r\u00e9cup\u00e9rations et que vous devez \u00eatre en mesure de contr\u00f4ler et de diriger tous les processus avec toutes vos banques. Informez-vous aupr\u00e8s de toutes vos banques pour vous assurer qu\u2019elles offrent ce service.<\/p>\n<\/div>\n<\/div>\n<\/div>\n<\/section>\n\n\n\n<section class=\"wp-block-group sixty has-global-padding is-content-justification-left is-layout-constrained wp-container-core-group-is-layout-8531ebe2 wp-block-group-is-layout-constrained\" style=\"padding-top:var(--wp--preset--spacing--xx-large);padding-right:0;padding-bottom:var(--wp--preset--spacing--xx-large);padding-left:0\">\n<div class=\"wp-block-group is-layout-flow wp-block-group-is-layout-flow\" style=\"padding-top:0px;padding-right:0px;padding-bottom:0px;padding-left:0px\">\n<h2 class=\"wp-block-heading animated fadeInUp\" style=\"font-size:clamp(1.976rem, 1.976rem + ((1vw - 0.2rem) * 1.847), 3.5rem);line-height:1.1\">Vous avez encore des questions?<\/h2>\n\n\n\n<p>Si vous n\u2019avez pas trouv\u00e9 la r\u00e9ponse que vous cherchiez ou si vous avez d\u2019autres questions, n\u2019h\u00e9sitez pas \u00e0 nous contacter. Notre \u00e9quipe est l\u00e0 pour vous aider.<\/p>\n\n\n\n<div class=\"wp-block-buttons is-layout-flex wp-block-buttons-is-layout-flex\">\n<div class=\"wp-block-button is-style-outline bwhite spectra-popup-trigger-1832 is-style-outline--2\"><a class=\"wp-block-button__link has-custom-font-size wp-element-button\" style=\"border-radius:25px;font-size:clamp(0.929rem, 0.929rem + ((1vw - 0.2rem) * 0.571), 1.4rem);\">Nous contacter<\/a><\/div>\n<\/div>\n<\/div>\n<\/section>","protected":false},"excerpt":{"rendered":"<p>Frequently Asked Questions Welcome to Furado\u2019s FAQ section! Here, we have compiled answers to the most common questions about our automated withholding tax reclaiming services. Whether you\u2019re a current client or considering our services, you\u2019ll find valuable information to help you understand how we can assist you. If you have any further questions, feel free [&hellip;]<\/p>\n","protected":false},"author":1,"featured_media":0,"parent":0,"menu_order":0,"comment_status":"closed","ping_status":"closed","template":"page-no-title","meta":{"_seopress_robots_primary_cat":"","_seopress_titles_title":"FAQ | Furado","_seopress_titles_desc":"Find answers to common questions about Furado's automated withholding tax reclaim solutions in our FAQ section. Get the info you need, quickly and easyily.","_seopress_robots_index":"","_uag_custom_page_level_css":"","footnotes":""},"class_list":["post-84","page","type-page","status-publish","hentry"],"uagb_featured_image_src":{"full":false,"thumbnail":false,"medium":false,"medium_large":false,"large":false,"1536x1536":false,"2048x2048":false,"trp-custom-language-flag":false},"uagb_author_info":{"display_name":"frank","author_link":"https:\/\/furado.ch\/fr\/author\/frank\/"},"uagb_comment_info":0,"uagb_excerpt":"Frequently Asked Questions Welcome to Furado\u2019s FAQ section! Here, we have compiled answers to the most common questions about our automated withholding tax reclaiming services. Whether you\u2019re a current client or considering our services, you\u2019ll find valuable information to help you understand how we can assist you. If you have any further questions, feel free\u2026","_links":{"self":[{"href":"https:\/\/furado.ch\/fr\/wp-json\/wp\/v2\/pages\/84","targetHints":{"allow":["GET"]}}],"collection":[{"href":"https:\/\/furado.ch\/fr\/wp-json\/wp\/v2\/pages"}],"about":[{"href":"https:\/\/furado.ch\/fr\/wp-json\/wp\/v2\/types\/page"}],"author":[{"embeddable":true,"href":"https:\/\/furado.ch\/fr\/wp-json\/wp\/v2\/users\/1"}],"replies":[{"embeddable":true,"href":"https:\/\/furado.ch\/fr\/wp-json\/wp\/v2\/comments?post=84"}],"version-history":[{"count":67,"href":"https:\/\/furado.ch\/fr\/wp-json\/wp\/v2\/pages\/84\/revisions"}],"predecessor-version":[{"id":3836,"href":"https:\/\/furado.ch\/fr\/wp-json\/wp\/v2\/pages\/84\/revisions\/3836"}],"wp:attachment":[{"href":"https:\/\/furado.ch\/fr\/wp-json\/wp\/v2\/media?parent=84"}],"curies":[{"name":"wp","href":"https:\/\/api.w.org\/{rel}","templated":true}]}}